{"id":10053,"date":"2022-09-26T22:02:05","date_gmt":"2022-09-26T22:02:05","guid":{"rendered":"http:\/\/xn--puroespaciodiseo-lub.com.ar\/?post_type=product&#038;p=10053"},"modified":"2022-09-28T21:25:02","modified_gmt":"2022-09-28T21:25:02","slug":"grigio-nuvola","status":"publish","type":"product","link":"https:\/\/xn--puroespaciodiseo-lub.com.ar\/es\/producto\/grigio-nuvola\/","title":{"rendered":"M\u00e1rmol \u2013 Grigio Nuvola"},"content":{"rendered":"","protected":false},"excerpt":{"rendered":"<p>Este m\u00e1rmol extra\u00eddo en Ir\u00e1n es de un tono gis neutro y sobrio, con interrupciones de color blanquecino que asemejan nubes y le otorgan luminosidad, movimiento y volumen al dise\u00f1o. Adem\u00e1s de su tradicional uso en mesadas e interiores, es apto para exteriores<\/p>","protected":false},"featured_media":10054,"template":"","meta":{"inline_featured_image":false,"_monsterinsights_skip_tracking":false,"_monsterinsights_sitenote_active":false,"_monsterinsights_sitenote_note":"","_monsterinsights_sitenote_category":0,"_joinchat":[]},"product_cat":[146,111,75,152,154,70,143],"product_tag":[],"_links":{"self":[{"href":"https:\/\/xn--puroespaciodiseo-lub.com.ar\/es\/wp-json\/wp\/v2\/product\/10053"}],"collection":[{"href":"https:\/\/xn--puroespaciodiseo-lub.com.ar\/es\/wp-json\/wp\/v2\/product"}],"about":[{"href":"https:\/\/xn--puroespaciodiseo-lub.com.ar\/es\/wp-json\/wp\/v2\/types\/product"}],"wp:featuredmedia":[{"embeddable":true,"href":"https:\/\/xn--puroespaciodiseo-lub.com.ar\/es\/wp-json\/wp\/v2\/media\/10054"}],"wp:attachment":[{"href":"https:\/\/xn--puroespaciodiseo-lub.com.ar\/es\/wp-json\/wp\/v2\/media?parent=10053"}],"wp:term":[{"taxonomy":"product_cat","embeddable":true,"href":"https:\/\/xn--puroespaciodiseo-lub.com.ar\/es\/wp-json\/wp\/v2\/product_cat?post=10053"},{"taxonomy":"product_tag","embeddable":true,"href":"https:\/\/xn--puroespaciodiseo-lub.com.ar\/es\/wp-json\/wp\/v2\/product_tag?post=10053"}],"curies":[{"name":"wp","href":"https:\/\/api.w.org\/{rel}","templated":true}]}}