{"id":10078,"date":"2022-09-26T22:25:40","date_gmt":"2022-09-26T22:25:40","guid":{"rendered":"http:\/\/xn--puroespaciodiseo-lub.com.ar\/?post_type=product&#038;p=10078"},"modified":"2022-09-28T21:24:53","modified_gmt":"2022-09-28T21:24:53","slug":"negro-marquina","status":"publish","type":"product","link":"https:\/\/xn--puroespaciodiseo-lub.com.ar\/es\/producto\/negro-marquina\/","title":{"rendered":"M\u00e1rmol \u2013 Negro Marquina"},"content":{"rendered":"","protected":false},"excerpt":{"rendered":"<p>Suave, aterciopelado, el m\u00e1rmol Negro Marquina es combinable con todo tipo de ambientes, desde los m\u00e1s sofisticados a los m\u00e1s elegantes y sencillos. Sus irregulares vetas blancas, concentradas en mayor o menor medida seg\u00fan la pieza, le sirven de contraste con el resto, con base negra. De esta manera, esa dualidad le dota de una sensaci\u00f3n aterciopelada que hacen del Negro Marquina una magn\u00edfica opci\u00f3n.<\/p>","protected":false},"featured_media":10079,"template":"","meta":{"inline_featured_image":false,"_monsterinsights_skip_tracking":false,"_monsterinsights_sitenote_active":false,"_monsterinsights_sitenote_note":"","_monsterinsights_sitenote_category":0,"_joinchat":[]},"product_cat":[146,111,75,152,154,70,143],"product_tag":[],"_links":{"self":[{"href":"https:\/\/xn--puroespaciodiseo-lub.com.ar\/es\/wp-json\/wp\/v2\/product\/10078"}],"collection":[{"href":"https:\/\/xn--puroespaciodiseo-lub.com.ar\/es\/wp-json\/wp\/v2\/product"}],"about":[{"href":"https:\/\/xn--puroespaciodiseo-lub.com.ar\/es\/wp-json\/wp\/v2\/types\/product"}],"wp:featuredmedia":[{"embeddable":true,"href":"https:\/\/xn--puroespaciodiseo-lub.com.ar\/es\/wp-json\/wp\/v2\/media\/10079"}],"wp:attachment":[{"href":"https:\/\/xn--puroespaciodiseo-lub.com.ar\/es\/wp-json\/wp\/v2\/media?parent=10078"}],"wp:term":[{"taxonomy":"product_cat","embeddable":true,"href":"https:\/\/xn--puroespaciodiseo-lub.com.ar\/es\/wp-json\/wp\/v2\/product_cat?post=10078"},{"taxonomy":"product_tag","embeddable":true,"href":"https:\/\/xn--puroespaciodiseo-lub.com.ar\/es\/wp-json\/wp\/v2\/product_tag?post=10078"}],"curies":[{"name":"wp","href":"https:\/\/api.w.org\/{rel}","templated":true}]}}