{"id":10081,"date":"2022-09-26T22:29:38","date_gmt":"2022-09-26T22:29:38","guid":{"rendered":"http:\/\/xn--puroespaciodiseo-lub.com.ar\/?post_type=product&#038;p=10081"},"modified":"2022-11-02T21:54:18","modified_gmt":"2022-11-02T21:54:18","slug":"nero","status":"publish","type":"product","link":"https:\/\/xn--puroespaciodiseo-lub.com.ar\/es\/producto\/nero\/","title":{"rendered":"Neolith \u2013 Nero"},"content":{"rendered":"","protected":false},"excerpt":{"rendered":"<p>El modelo Nero, propio de la colecci\u00f3n Colorfeel, es el cl\u00e1sico por excelencia que mejor se adapta a cualquier estilo y tendencia. S\u00edmbolo de elegancia y sobriedad, Nero difunde sofisticaci\u00f3n en grandes y peque\u00f1as estancias. La acertada elecci\u00f3n de escoger un b\u00e1sico que permanece inalterable al paso del tiempo por su neutralidad.<\/p>","protected":false},"featured_media":10082,"template":"","meta":{"inline_featured_image":false,"_monsterinsights_skip_tracking":false,"_monsterinsights_sitenote_active":false,"_monsterinsights_sitenote_note":"","_monsterinsights_sitenote_category":0,"_joinchat":[]},"product_cat":[75,74,152,147,109,153,112,70,143],"product_tag":[],"_links":{"self":[{"href":"https:\/\/xn--puroespaciodiseo-lub.com.ar\/es\/wp-json\/wp\/v2\/product\/10081"}],"collection":[{"href":"https:\/\/xn--puroespaciodiseo-lub.com.ar\/es\/wp-json\/wp\/v2\/product"}],"about":[{"href":"https:\/\/xn--puroespaciodiseo-lub.com.ar\/es\/wp-json\/wp\/v2\/types\/product"}],"wp:featuredmedia":[{"embeddable":true,"href":"https:\/\/xn--puroespaciodiseo-lub.com.ar\/es\/wp-json\/wp\/v2\/media\/10082"}],"wp:attachment":[{"href":"https:\/\/xn--puroespaciodiseo-lub.com.ar\/es\/wp-json\/wp\/v2\/media?parent=10081"}],"wp:term":[{"taxonomy":"product_cat","embeddable":true,"href":"https:\/\/xn--puroespaciodiseo-lub.com.ar\/es\/wp-json\/wp\/v2\/product_cat?post=10081"},{"taxonomy":"product_tag","embeddable":true,"href":"https:\/\/xn--puroespaciodiseo-lub.com.ar\/es\/wp-json\/wp\/v2\/product_tag?post=10081"}],"curies":[{"name":"wp","href":"https:\/\/api.w.org\/{rel}","templated":true}]}}