{"id":10089,"date":"2022-09-26T22:34:12","date_gmt":"2022-09-26T22:34:12","guid":{"rendered":"http:\/\/xn--puroespaciodiseo-lub.com.ar\/?post_type=product&#038;p=10089"},"modified":"2022-09-28T21:24:49","modified_gmt":"2022-09-28T21:24:49","slug":"noire-saint-laurent","status":"publish","type":"product","link":"https:\/\/xn--puroespaciodiseo-lub.com.ar\/es\/producto\/noire-saint-laurent\/","title":{"rendered":"M\u00e1rmol \u2013 Noire Saint Laurent"},"content":{"rendered":"","protected":false},"excerpt":{"rendered":"<p>El m\u00e1rmol fue y ser\u00e1 siempre un s\u00edmbolo de tradici\u00f3n, arte y gusto refinado en todas las culturas. St. Laurent Doree es un m\u00e1rmol italiano negro, con l\u00edneas doradas y ocres muy definidas y espaciadas. Luminoso y sofisticado. Se destaca en interiores elegantes y se\u00f1oriales. Sus colores son \u00fanicos y de una belleza singular.<\/p>","protected":false},"featured_media":10090,"template":"","meta":{"inline_featured_image":false,"_monsterinsights_skip_tracking":false,"_monsterinsights_sitenote_active":false,"_monsterinsights_sitenote_note":"","_monsterinsights_sitenote_category":0,"_joinchat":[]},"product_cat":[146,111,75,152,154,70,143],"product_tag":[],"_links":{"self":[{"href":"https:\/\/xn--puroespaciodiseo-lub.com.ar\/es\/wp-json\/wp\/v2\/product\/10089"}],"collection":[{"href":"https:\/\/xn--puroespaciodiseo-lub.com.ar\/es\/wp-json\/wp\/v2\/product"}],"about":[{"href":"https:\/\/xn--puroespaciodiseo-lub.com.ar\/es\/wp-json\/wp\/v2\/types\/product"}],"wp:featuredmedia":[{"embeddable":true,"href":"https:\/\/xn--puroespaciodiseo-lub.com.ar\/es\/wp-json\/wp\/v2\/media\/10090"}],"wp:attachment":[{"href":"https:\/\/xn--puroespaciodiseo-lub.com.ar\/es\/wp-json\/wp\/v2\/media?parent=10089"}],"wp:term":[{"taxonomy":"product_cat","embeddable":true,"href":"https:\/\/xn--puroespaciodiseo-lub.com.ar\/es\/wp-json\/wp\/v2\/product_cat?post=10089"},{"taxonomy":"product_tag","embeddable":true,"href":"https:\/\/xn--puroespaciodiseo-lub.com.ar\/es\/wp-json\/wp\/v2\/product_tag?post=10089"}],"curies":[{"name":"wp","href":"https:\/\/api.w.org\/{rel}","templated":true}]}}