{"id":10104,"date":"2022-09-26T22:45:33","date_gmt":"2022-09-26T22:45:33","guid":{"rendered":"http:\/\/xn--puroespaciodiseo-lub.com.ar\/?post_type=product&#038;p=10104"},"modified":"2022-10-21T14:05:26","modified_gmt":"2022-10-21T14:05:26","slug":"pietra-di-luna","status":"publish","type":"product","link":"https:\/\/xn--puroespaciodiseo-lub.com.ar\/es\/producto\/pietra-di-luna\/","title":{"rendered":"Neolith \u2013 Pietra Di Luna"},"content":{"rendered":"","protected":false},"excerpt":{"rendered":"<p>Pietra di Luna de Neolith perteneciente a la colecci\u00f3n Fusion, presenta un dise\u00f1o de aspecto p\u00e9treo que se distingue por un tono gris suave. Disponible en dos acabados distintos (Silk y Riverwashed), Pietra di Luna es un material id\u00f3neo para ser utilizado en grandes superficies. Un modelo atemporal perfectamente combinable con otros elementos arquitect\u00f3nicos, que permite revestir aportando un toque de equilibrio.<\/p>","protected":false},"featured_media":10105,"template":"","meta":{"inline_featured_image":false,"_monsterinsights_skip_tracking":false,"_monsterinsights_sitenote_active":false,"_monsterinsights_sitenote_note":"","_monsterinsights_sitenote_category":0,"_joinchat":[]},"product_cat":[75,74,152,147,109,153,112,70,143],"product_tag":[],"_links":{"self":[{"href":"https:\/\/xn--puroespaciodiseo-lub.com.ar\/es\/wp-json\/wp\/v2\/product\/10104"}],"collection":[{"href":"https:\/\/xn--puroespaciodiseo-lub.com.ar\/es\/wp-json\/wp\/v2\/product"}],"about":[{"href":"https:\/\/xn--puroespaciodiseo-lub.com.ar\/es\/wp-json\/wp\/v2\/types\/product"}],"wp:featuredmedia":[{"embeddable":true,"href":"https:\/\/xn--puroespaciodiseo-lub.com.ar\/es\/wp-json\/wp\/v2\/media\/10105"}],"wp:attachment":[{"href":"https:\/\/xn--puroespaciodiseo-lub.com.ar\/es\/wp-json\/wp\/v2\/media?parent=10104"}],"wp:term":[{"taxonomy":"product_cat","embeddable":true,"href":"https:\/\/xn--puroespaciodiseo-lub.com.ar\/es\/wp-json\/wp\/v2\/product_cat?post=10104"},{"taxonomy":"product_tag","embeddable":true,"href":"https:\/\/xn--puroespaciodiseo-lub.com.ar\/es\/wp-json\/wp\/v2\/product_tag?post=10104"}],"curies":[{"name":"wp","href":"https:\/\/api.w.org\/{rel}","templated":true}]}}