{"id":10108,"date":"2022-09-26T22:46:45","date_gmt":"2022-09-26T22:46:45","guid":{"rendered":"http:\/\/xn--puroespaciodiseo-lub.com.ar\/?post_type=product&#038;p=10108"},"modified":"2022-09-28T21:24:40","modified_gmt":"2022-09-28T21:24:40","slug":"portorino","status":"publish","type":"product","link":"https:\/\/xn--puroespaciodiseo-lub.com.ar\/es\/producto\/portorino\/","title":{"rendered":"M\u00e1rmol \u2013 Portorino"},"content":{"rendered":"","protected":false},"excerpt":{"rendered":"<p>Un m\u00e1rmol negro ex\u00f3tico , extra\u00eddo de las canteras de Italia. Negro profundo y vibrante surcado por vetas blancas y plateadas que brillan e iluminan la superficie. L\u00edneas y c\u00edrculos de colore matizan en el dise\u00f1o torn\u00e1ndolo asim\u00e9trico y variado. Ideal para enaltecer espacios interiores como revestimiento y para lucir en mesadas de ba\u00f1o.<\/p>","protected":false},"featured_media":10109,"template":"","meta":{"inline_featured_image":false,"_monsterinsights_skip_tracking":false,"_monsterinsights_sitenote_active":false,"_monsterinsights_sitenote_note":"","_monsterinsights_sitenote_category":0,"_joinchat":[]},"product_cat":[146,111,75,152,154,70,143],"product_tag":[],"_links":{"self":[{"href":"https:\/\/xn--puroespaciodiseo-lub.com.ar\/es\/wp-json\/wp\/v2\/product\/10108"}],"collection":[{"href":"https:\/\/xn--puroespaciodiseo-lub.com.ar\/es\/wp-json\/wp\/v2\/product"}],"about":[{"href":"https:\/\/xn--puroespaciodiseo-lub.com.ar\/es\/wp-json\/wp\/v2\/types\/product"}],"wp:featuredmedia":[{"embeddable":true,"href":"https:\/\/xn--puroespaciodiseo-lub.com.ar\/es\/wp-json\/wp\/v2\/media\/10109"}],"wp:attachment":[{"href":"https:\/\/xn--puroespaciodiseo-lub.com.ar\/es\/wp-json\/wp\/v2\/media?parent=10108"}],"wp:term":[{"taxonomy":"product_cat","embeddable":true,"href":"https:\/\/xn--puroespaciodiseo-lub.com.ar\/es\/wp-json\/wp\/v2\/product_cat?post=10108"},{"taxonomy":"product_tag","embeddable":true,"href":"https:\/\/xn--puroespaciodiseo-lub.com.ar\/es\/wp-json\/wp\/v2\/product_tag?post=10108"}],"curies":[{"name":"wp","href":"https:\/\/api.w.org\/{rel}","templated":true}]}}