{"id":10110,"date":"2022-09-26T22:49:00","date_gmt":"2022-09-26T22:49:00","guid":{"rendered":"http:\/\/xn--puroespaciodiseo-lub.com.ar\/?post_type=product&#038;p=10110"},"modified":"2022-09-28T19:11:49","modified_gmt":"2022-09-28T19:11:49","slug":"porfido-gris","status":"publish","type":"product","link":"https:\/\/xn--puroespaciodiseo-lub.com.ar\/es\/producto\/porfido-gris\/","title":{"rendered":"Purastone \u2013 P\u00f3rfido Gris"},"content":{"rendered":"","protected":false},"excerpt":{"rendered":"<p>P\u00f3rfidio Gris viene en el formato est\u00e1ndar de 300 x 140 cm. Formato ideal para medidas de mesadas est\u00e1ndar, logrando minimizar el desperdicio y de esa forma mejorar los costos para todos los eslabones de la cadena comercial. P\u00f3rfidio Gris se consigue en 2 cm de espesor. Ideal para mesadas est\u00e1ndar, espesor tradicional de gran resistencia robustez.<\/p>","protected":false},"featured_media":10111,"template":"","meta":{"inline_featured_image":false,"_monsterinsights_skip_tracking":false,"_monsterinsights_sitenote_active":false,"_monsterinsights_sitenote_note":"","_monsterinsights_sitenote_category":0,"_joinchat":[]},"product_cat":[75,74,148,110,113,70,143],"product_tag":[],"_links":{"self":[{"href":"https:\/\/xn--puroespaciodiseo-lub.com.ar\/es\/wp-json\/wp\/v2\/product\/10110"}],"collection":[{"href":"https:\/\/xn--puroespaciodiseo-lub.com.ar\/es\/wp-json\/wp\/v2\/product"}],"about":[{"href":"https:\/\/xn--puroespaciodiseo-lub.com.ar\/es\/wp-json\/wp\/v2\/types\/product"}],"wp:featuredmedia":[{"embeddable":true,"href":"https:\/\/xn--puroespaciodiseo-lub.com.ar\/es\/wp-json\/wp\/v2\/media\/10111"}],"wp:attachment":[{"href":"https:\/\/xn--puroespaciodiseo-lub.com.ar\/es\/wp-json\/wp\/v2\/media?parent=10110"}],"wp:term":[{"taxonomy":"product_cat","embeddable":true,"href":"https:\/\/xn--puroespaciodiseo-lub.com.ar\/es\/wp-json\/wp\/v2\/product_cat?post=10110"},{"taxonomy":"product_tag","embeddable":true,"href":"https:\/\/xn--puroespaciodiseo-lub.com.ar\/es\/wp-json\/wp\/v2\/product_tag?post=10110"}],"curies":[{"name":"wp","href":"https:\/\/api.w.org\/{rel}","templated":true}]}}