{"id":10137,"date":"2022-09-27T19:20:54","date_gmt":"2022-09-27T19:20:54","guid":{"rendered":"http:\/\/xn--puroespaciodiseo-lub.com.ar\/?post_type=product&#038;p=10137"},"modified":"2022-11-02T21:47:25","modified_gmt":"2022-11-02T21:47:25","slug":"winter-dala","status":"publish","type":"product","link":"https:\/\/xn--puroespaciodiseo-lub.com.ar\/es\/producto\/winter-dala\/","title":{"rendered":"Neolith \u2013 Winter Dala"},"content":{"rendered":"","protected":false},"excerpt":{"rendered":"<p>Inspirado por los majestuosos pinos que rodean el impresionante lago Siljan, en Suecia, Winter Dala recibe su nombre de uno de los s\u00edmbolos nacionales del pa\u00eds: los caballos de Dalecarlia. Estos iconos del folclore sueco son estatuas pintadas de llamativos colores, elaboradas con la madera de estos \u00e1rboles \u00fanicos que crecen con parsimonia en los bosques suecos, y reflejan la importancia que ten\u00edan los caballos para la vida diaria de anta\u00f1o.<\/p>","protected":false},"featured_media":10138,"template":"","meta":{"inline_featured_image":false,"_monsterinsights_skip_tracking":false,"_monsterinsights_sitenote_active":false,"_monsterinsights_sitenote_note":"","_monsterinsights_sitenote_category":0,"_joinchat":[]},"product_cat":[75,74,152,147,109,153,112,70,143],"product_tag":[],"_links":{"self":[{"href":"https:\/\/xn--puroespaciodiseo-lub.com.ar\/es\/wp-json\/wp\/v2\/product\/10137"}],"collection":[{"href":"https:\/\/xn--puroespaciodiseo-lub.com.ar\/es\/wp-json\/wp\/v2\/product"}],"about":[{"href":"https:\/\/xn--puroespaciodiseo-lub.com.ar\/es\/wp-json\/wp\/v2\/types\/product"}],"wp:featuredmedia":[{"embeddable":true,"href":"https:\/\/xn--puroespaciodiseo-lub.com.ar\/es\/wp-json\/wp\/v2\/media\/10138"}],"wp:attachment":[{"href":"https:\/\/xn--puroespaciodiseo-lub.com.ar\/es\/wp-json\/wp\/v2\/media?parent=10137"}],"wp:term":[{"taxonomy":"product_cat","embeddable":true,"href":"https:\/\/xn--puroespaciodiseo-lub.com.ar\/es\/wp-json\/wp\/v2\/product_cat?post=10137"},{"taxonomy":"product_tag","embeddable":true,"href":"https:\/\/xn--puroespaciodiseo-lub.com.ar\/es\/wp-json\/wp\/v2\/product_tag?post=10137"}],"curies":[{"name":"wp","href":"https:\/\/api.w.org\/{rel}","templated":true}]}}