{"id":10172,"date":"2022-09-27T19:43:37","date_gmt":"2022-09-27T19:43:37","guid":{"rendered":"http:\/\/xn--puroespaciodiseo-lub.com.ar\/?post_type=product&#038;p=10172"},"modified":"2022-09-28T21:20:46","modified_gmt":"2022-09-28T21:20:46","slug":"calacatta-quartz","status":"publish","type":"product","link":"https:\/\/xn--puroespaciodiseo-lub.com.ar\/es\/producto\/calacatta-quartz\/","title":{"rendered":"Cuarcita &#8211; Calacatta Quartz"},"content":{"rendered":"","protected":false},"excerpt":{"rendered":"<p>Cuarcita de fondo blanco y veta gris. Las cuarcitas tienen propiedades \u00fanicas: son resistentes como el granito con una est\u00e9tica similar a la del m\u00e1rmol de grano muy fino. Pueden usarse en mesadas de cocina. Superficie absorbente -se recomienda el uso de selladores como medida preventiva en el uso diario de una cocina<\/p>","protected":false},"featured_media":10173,"template":"","meta":{"inline_featured_image":false,"_monsterinsights_skip_tracking":false,"_monsterinsights_sitenote_active":false,"_monsterinsights_sitenote_note":"","_monsterinsights_sitenote_category":0,"_joinchat":[]},"product_cat":[107,144,74,152,154,70,143],"product_tag":[],"_links":{"self":[{"href":"https:\/\/xn--puroespaciodiseo-lub.com.ar\/es\/wp-json\/wp\/v2\/product\/10172"}],"collection":[{"href":"https:\/\/xn--puroespaciodiseo-lub.com.ar\/es\/wp-json\/wp\/v2\/product"}],"about":[{"href":"https:\/\/xn--puroespaciodiseo-lub.com.ar\/es\/wp-json\/wp\/v2\/types\/product"}],"wp:featuredmedia":[{"embeddable":true,"href":"https:\/\/xn--puroespaciodiseo-lub.com.ar\/es\/wp-json\/wp\/v2\/media\/10173"}],"wp:attachment":[{"href":"https:\/\/xn--puroespaciodiseo-lub.com.ar\/es\/wp-json\/wp\/v2\/media?parent=10172"}],"wp:term":[{"taxonomy":"product_cat","embeddable":true,"href":"https:\/\/xn--puroespaciodiseo-lub.com.ar\/es\/wp-json\/wp\/v2\/product_cat?post=10172"},{"taxonomy":"product_tag","embeddable":true,"href":"https:\/\/xn--puroespaciodiseo-lub.com.ar\/es\/wp-json\/wp\/v2\/product_tag?post=10172"}],"curies":[{"name":"wp","href":"https:\/\/api.w.org\/{rel}","templated":true}]}}