{"id":10210,"date":"2022-09-27T20:11:40","date_gmt":"2022-09-27T20:11:40","guid":{"rendered":"http:\/\/xn--puroespaciodiseo-lub.com.ar\/?post_type=product&#038;p=10210"},"modified":"2022-09-28T21:23:53","modified_gmt":"2022-09-28T21:23:53","slug":"invisible-grey-gold","status":"publish","type":"product","link":"https:\/\/xn--puroespaciodiseo-lub.com.ar\/es\/producto\/invisible-grey-gold\/","title":{"rendered":"M\u00e1rmol \u2013 Invisible Grey Gold"},"content":{"rendered":"","protected":false},"excerpt":{"rendered":"<p>El m\u00e1rmol Invisible Grey se extrae de Brasil, con placas de colores blancos y grises como principales protagonistas, este material con vetas llamativas y naturales, sorprende con estelas doradas que espor\u00e1dicamente rompen con el patr\u00f3n inicial de dise\u00f1o. Perfecto para mesadas y revestimientos de pared. Aportan luminosidad y originalidad en los espacios.<\/p>","protected":false},"featured_media":10211,"template":"","meta":{"inline_featured_image":false,"_monsterinsights_skip_tracking":false,"_monsterinsights_sitenote_active":false,"_monsterinsights_sitenote_note":"","_monsterinsights_sitenote_category":0,"_joinchat":[]},"product_cat":[146,111,75,152,154,70,143],"product_tag":[],"_links":{"self":[{"href":"https:\/\/xn--puroespaciodiseo-lub.com.ar\/es\/wp-json\/wp\/v2\/product\/10210"}],"collection":[{"href":"https:\/\/xn--puroespaciodiseo-lub.com.ar\/es\/wp-json\/wp\/v2\/product"}],"about":[{"href":"https:\/\/xn--puroespaciodiseo-lub.com.ar\/es\/wp-json\/wp\/v2\/types\/product"}],"wp:featuredmedia":[{"embeddable":true,"href":"https:\/\/xn--puroespaciodiseo-lub.com.ar\/es\/wp-json\/wp\/v2\/media\/10211"}],"wp:attachment":[{"href":"https:\/\/xn--puroespaciodiseo-lub.com.ar\/es\/wp-json\/wp\/v2\/media?parent=10210"}],"wp:term":[{"taxonomy":"product_cat","embeddable":true,"href":"https:\/\/xn--puroespaciodiseo-lub.com.ar\/es\/wp-json\/wp\/v2\/product_cat?post=10210"},{"taxonomy":"product_tag","embeddable":true,"href":"https:\/\/xn--puroespaciodiseo-lub.com.ar\/es\/wp-json\/wp\/v2\/product_tag?post=10210"}],"curies":[{"name":"wp","href":"https:\/\/api.w.org\/{rel}","templated":true}]}}