{"id":10228,"date":"2022-09-27T20:21:23","date_gmt":"2022-09-27T20:21:23","guid":{"rendered":"http:\/\/xn--puroespaciodiseo-lub.com.ar\/?post_type=product&#038;p=10228"},"modified":"2022-09-28T19:17:41","modified_gmt":"2022-09-28T19:17:41","slug":"maremma","status":"publish","type":"product","link":"https:\/\/xn--puroespaciodiseo-lub.com.ar\/es\/producto\/maremma\/","title":{"rendered":"Terrazo &#8211; Maremma"},"content":{"rendered":"","protected":false},"excerpt":{"rendered":"<p>Terrazzo Maremma presenta un fondo beige con peque\u00f1os destellos de m\u00e1rmoles grises y oscuros. Es un material muy resistente que puede utilizarse en pisos, revestimientos y tambi\u00e9n como tapa de mobiliario. Una de las ventajas principales de esta propuesta es que se comercializa en placas, evitando posibles fisuras muy caracter\u00edsticas de las opciones ejecutadas in-situ, siendo posible aplicarlo en revestimientos verticales.<\/p>","protected":false},"featured_media":10229,"template":"","meta":{"inline_featured_image":false,"_monsterinsights_skip_tracking":false,"_monsterinsights_sitenote_active":false,"_monsterinsights_sitenote_note":"","_monsterinsights_sitenote_category":0,"_joinchat":[]},"product_cat":[75,113,70,143,149],"product_tag":[],"_links":{"self":[{"href":"https:\/\/xn--puroespaciodiseo-lub.com.ar\/es\/wp-json\/wp\/v2\/product\/10228"}],"collection":[{"href":"https:\/\/xn--puroespaciodiseo-lub.com.ar\/es\/wp-json\/wp\/v2\/product"}],"about":[{"href":"https:\/\/xn--puroespaciodiseo-lub.com.ar\/es\/wp-json\/wp\/v2\/types\/product"}],"wp:featuredmedia":[{"embeddable":true,"href":"https:\/\/xn--puroespaciodiseo-lub.com.ar\/es\/wp-json\/wp\/v2\/media\/10229"}],"wp:attachment":[{"href":"https:\/\/xn--puroespaciodiseo-lub.com.ar\/es\/wp-json\/wp\/v2\/media?parent=10228"}],"wp:term":[{"taxonomy":"product_cat","embeddable":true,"href":"https:\/\/xn--puroespaciodiseo-lub.com.ar\/es\/wp-json\/wp\/v2\/product_cat?post=10228"},{"taxonomy":"product_tag","embeddable":true,"href":"https:\/\/xn--puroespaciodiseo-lub.com.ar\/es\/wp-json\/wp\/v2\/product_tag?post=10228"}],"curies":[{"name":"wp","href":"https:\/\/api.w.org\/{rel}","templated":true}]}}