{"id":10250,"date":"2022-09-27T20:37:53","date_gmt":"2022-09-27T20:37:53","guid":{"rendered":"http:\/\/xn--puroespaciodiseo-lub.com.ar\/?post_type=product&#038;p=10250"},"modified":"2022-11-02T21:41:19","modified_gmt":"2022-11-02T21:41:19","slug":"pietra-di-osso","status":"publish","type":"product","link":"https:\/\/xn--puroespaciodiseo-lub.com.ar\/es\/producto\/pietra-di-osso\/","title":{"rendered":"Neolith \u2013 Pietra Di Osso"},"content":{"rendered":"","protected":false},"excerpt":{"rendered":"<p>El modelo Pietra di Osso de Neolith perteneciente a la colecci\u00f3n Fusion, presenta un dise\u00f1o de aspecto p\u00e9treo que se distingue por un tono neutro. Pietra di Osso es un material id\u00f3neo para ser utilizado en grandes superficies. Un modelo atemporal perfectamente combinable con otros elementos arquitect\u00f3nicos, que permite revestir aportando un toque de equilibrio.<\/p>","protected":false},"featured_media":10251,"template":"","meta":{"inline_featured_image":false,"_monsterinsights_skip_tracking":false,"_monsterinsights_sitenote_active":false,"_monsterinsights_sitenote_note":"","_monsterinsights_sitenote_category":0,"_joinchat":[]},"product_cat":[75,74,152,147,109,153,112,70,143],"product_tag":[],"_links":{"self":[{"href":"https:\/\/xn--puroespaciodiseo-lub.com.ar\/es\/wp-json\/wp\/v2\/product\/10250"}],"collection":[{"href":"https:\/\/xn--puroespaciodiseo-lub.com.ar\/es\/wp-json\/wp\/v2\/product"}],"about":[{"href":"https:\/\/xn--puroespaciodiseo-lub.com.ar\/es\/wp-json\/wp\/v2\/types\/product"}],"wp:featuredmedia":[{"embeddable":true,"href":"https:\/\/xn--puroespaciodiseo-lub.com.ar\/es\/wp-json\/wp\/v2\/media\/10251"}],"wp:attachment":[{"href":"https:\/\/xn--puroespaciodiseo-lub.com.ar\/es\/wp-json\/wp\/v2\/media?parent=10250"}],"wp:term":[{"taxonomy":"product_cat","embeddable":true,"href":"https:\/\/xn--puroespaciodiseo-lub.com.ar\/es\/wp-json\/wp\/v2\/product_cat?post=10250"},{"taxonomy":"product_tag","embeddable":true,"href":"https:\/\/xn--puroespaciodiseo-lub.com.ar\/es\/wp-json\/wp\/v2\/product_tag?post=10250"}],"curies":[{"name":"wp","href":"https:\/\/api.w.org\/{rel}","templated":true}]}}