{"id":10296,"date":"2022-09-27T21:05:23","date_gmt":"2022-09-27T21:05:23","guid":{"rendered":"http:\/\/xn--puroespaciodiseo-lub.com.ar\/?post_type=product&#038;p=10296"},"modified":"2022-09-28T18:55:06","modified_gmt":"2022-09-28T18:55:06","slug":"di-capri-white","status":"publish","type":"product","link":"https:\/\/xn--puroespaciodiseo-lub.com.ar\/es\/producto\/di-capri-white\/","title":{"rendered":"Granito &#8211; Di Capri White"},"content":{"rendered":"","protected":false},"excerpt":{"rendered":"<p>Este granito es el m\u00e1s blanco de los granitos. Tiene un nivel de absorci\u00f3n alto y debe ser sellado. Recomendamos tambi\u00e9n sellar su parte posterior y bordes en caso de usarse como piso o revestimiento. Existen productos espec\u00edficos para m\u00e1rmoles y granitos, que son oleo e hidro repelentes, como el Skudo Marmo y el Skudo Granito de Tenax que ayudan a proteger la piedra.<\/p>","protected":false},"featured_media":10297,"template":"","meta":{"inline_featured_image":false,"_monsterinsights_skip_tracking":false,"_monsterinsights_sitenote_active":false,"_monsterinsights_sitenote_note":"","_monsterinsights_sitenote_category":0,"_joinchat":[]},"product_cat":[108,145,74,70,143],"product_tag":[],"_links":{"self":[{"href":"https:\/\/xn--puroespaciodiseo-lub.com.ar\/es\/wp-json\/wp\/v2\/product\/10296"}],"collection":[{"href":"https:\/\/xn--puroespaciodiseo-lub.com.ar\/es\/wp-json\/wp\/v2\/product"}],"about":[{"href":"https:\/\/xn--puroespaciodiseo-lub.com.ar\/es\/wp-json\/wp\/v2\/types\/product"}],"wp:featuredmedia":[{"embeddable":true,"href":"https:\/\/xn--puroespaciodiseo-lub.com.ar\/es\/wp-json\/wp\/v2\/media\/10297"}],"wp:attachment":[{"href":"https:\/\/xn--puroespaciodiseo-lub.com.ar\/es\/wp-json\/wp\/v2\/media?parent=10296"}],"wp:term":[{"taxonomy":"product_cat","embeddable":true,"href":"https:\/\/xn--puroespaciodiseo-lub.com.ar\/es\/wp-json\/wp\/v2\/product_cat?post=10296"},{"taxonomy":"product_tag","embeddable":true,"href":"https:\/\/xn--puroespaciodiseo-lub.com.ar\/es\/wp-json\/wp\/v2\/product_tag?post=10296"}],"curies":[{"name":"wp","href":"https:\/\/api.w.org\/{rel}","templated":true}]}}