{"id":10312,"date":"2022-09-27T21:15:32","date_gmt":"2022-09-27T21:15:32","guid":{"rendered":"http:\/\/xn--puroespaciodiseo-lub.com.ar\/?post_type=product&#038;p=10312"},"modified":"2022-09-28T18:54:14","modified_gmt":"2022-09-28T18:54:14","slug":"lundhs-blue","status":"publish","type":"product","link":"https:\/\/xn--puroespaciodiseo-lub.com.ar\/es\/producto\/lundhs-blue\/","title":{"rendered":"Granito &#8211; Lundhs Blue"},"content":{"rendered":"","protected":false},"excerpt":{"rendered":"<p>Con la elegancia y la vitalidad de esta piedra, LUNDHS Blue refleja los colores de un cielo despejado y un mar cristalino. El delicado tono gris y azul del granito Lundhs Blue combina muy bien con casi cualquier material. Combine la mesada con acabados de color dorado como lat\u00f3n y cobre o una decoraci\u00f3n m\u00e1s sencilla con detalles de vidrio y acero.<\/p>","protected":false},"featured_media":10313,"template":"","meta":{"inline_featured_image":false,"_monsterinsights_skip_tracking":false,"_monsterinsights_sitenote_active":false,"_monsterinsights_sitenote_note":"","_monsterinsights_sitenote_category":0,"_joinchat":[]},"product_cat":[108,145,74,70,143],"product_tag":[],"_links":{"self":[{"href":"https:\/\/xn--puroespaciodiseo-lub.com.ar\/es\/wp-json\/wp\/v2\/product\/10312"}],"collection":[{"href":"https:\/\/xn--puroespaciodiseo-lub.com.ar\/es\/wp-json\/wp\/v2\/product"}],"about":[{"href":"https:\/\/xn--puroespaciodiseo-lub.com.ar\/es\/wp-json\/wp\/v2\/types\/product"}],"wp:featuredmedia":[{"embeddable":true,"href":"https:\/\/xn--puroespaciodiseo-lub.com.ar\/es\/wp-json\/wp\/v2\/media\/10313"}],"wp:attachment":[{"href":"https:\/\/xn--puroespaciodiseo-lub.com.ar\/es\/wp-json\/wp\/v2\/media?parent=10312"}],"wp:term":[{"taxonomy":"product_cat","embeddable":true,"href":"https:\/\/xn--puroespaciodiseo-lub.com.ar\/es\/wp-json\/wp\/v2\/product_cat?post=10312"},{"taxonomy":"product_tag","embeddable":true,"href":"https:\/\/xn--puroespaciodiseo-lub.com.ar\/es\/wp-json\/wp\/v2\/product_tag?post=10312"}],"curies":[{"name":"wp","href":"https:\/\/api.w.org\/{rel}","templated":true}]}}