{"id":10315,"date":"2022-09-27T21:17:11","date_gmt":"2022-09-27T21:17:11","guid":{"rendered":"http:\/\/xn--puroespaciodiseo-lub.com.ar\/?post_type=product&#038;p=10315"},"modified":"2022-09-28T18:53:58","modified_gmt":"2022-09-28T18:53:58","slug":"lundhs-royal","status":"publish","type":"product","link":"https:\/\/xn--puroespaciodiseo-lub.com.ar\/es\/producto\/lundhs-royal\/","title":{"rendered":"Granito &#8211; Lundhs Royal"},"content":{"rendered":"","protected":false},"excerpt":{"rendered":"<p>El encantador color azul suave emana a trav\u00e9s de la superficie de la mesada LUNDHS Royal en su combinaci\u00f3n de cristales de gran tama\u00f1o. La mezcla de colores se proyecta sobre un color azul claro, puro, natural y fresco. Adem\u00e1s de ser un objeto atractivo en la cocina, el granito LUNDHS Royal tambi\u00e9n se ha utilizado en numerosos monumentos y rascacielos alrededor del mundo, en donde los colores se destacan con la luz natural.<\/p>","protected":false},"featured_media":10316,"template":"","meta":{"inline_featured_image":false,"_monsterinsights_skip_tracking":false,"_monsterinsights_sitenote_active":false,"_monsterinsights_sitenote_note":"","_monsterinsights_sitenote_category":0,"_joinchat":[]},"product_cat":[108,145,74,70,143],"product_tag":[],"_links":{"self":[{"href":"https:\/\/xn--puroespaciodiseo-lub.com.ar\/es\/wp-json\/wp\/v2\/product\/10315"}],"collection":[{"href":"https:\/\/xn--puroespaciodiseo-lub.com.ar\/es\/wp-json\/wp\/v2\/product"}],"about":[{"href":"https:\/\/xn--puroespaciodiseo-lub.com.ar\/es\/wp-json\/wp\/v2\/types\/product"}],"wp:featuredmedia":[{"embeddable":true,"href":"https:\/\/xn--puroespaciodiseo-lub.com.ar\/es\/wp-json\/wp\/v2\/media\/10316"}],"wp:attachment":[{"href":"https:\/\/xn--puroespaciodiseo-lub.com.ar\/es\/wp-json\/wp\/v2\/media?parent=10315"}],"wp:term":[{"taxonomy":"product_cat","embeddable":true,"href":"https:\/\/xn--puroespaciodiseo-lub.com.ar\/es\/wp-json\/wp\/v2\/product_cat?post=10315"},{"taxonomy":"product_tag","embeddable":true,"href":"https:\/\/xn--puroespaciodiseo-lub.com.ar\/es\/wp-json\/wp\/v2\/product_tag?post=10315"}],"curies":[{"name":"wp","href":"https:\/\/api.w.org\/{rel}","templated":true}]}}