{"id":10403,"date":"2022-09-27T22:09:49","date_gmt":"2022-09-27T22:09:49","guid":{"rendered":"http:\/\/xn--puroespaciodiseo-lub.com.ar\/?post_type=product&#038;p=10403"},"modified":"2022-09-28T21:21:59","modified_gmt":"2022-09-28T21:21:59","slug":"calacatta-statuario","status":"publish","type":"product","link":"https:\/\/xn--puroespaciodiseo-lub.com.ar\/es\/producto\/calacatta-statuario\/","title":{"rendered":"M\u00e1rmol &#8211; Calacatta \/ Statuario"},"content":{"rendered":"","protected":false},"excerpt":{"rendered":"<p>Toda la belleza y sutileza de las vetas de Calacatta, pero con tonos dorados y miel que le aportan calidez a este t\u00edpico blanco italiano. Por lo adaptable de sus colores, esta variedad rara de Calacatta es muy buscada y apreciada en interiorismo y decoraci\u00f3n. Sofisticado pero c\u00e1lido es la definici\u00f3n mas certera de este material.<\/p>","protected":false},"featured_media":10404,"template":"","meta":{"inline_featured_image":false,"_monsterinsights_skip_tracking":false,"_monsterinsights_sitenote_active":false,"_monsterinsights_sitenote_note":"","_monsterinsights_sitenote_category":0,"_joinchat":[]},"product_cat":[146,111,75,152,154,70,143],"product_tag":[],"_links":{"self":[{"href":"https:\/\/xn--puroespaciodiseo-lub.com.ar\/es\/wp-json\/wp\/v2\/product\/10403"}],"collection":[{"href":"https:\/\/xn--puroespaciodiseo-lub.com.ar\/es\/wp-json\/wp\/v2\/product"}],"about":[{"href":"https:\/\/xn--puroespaciodiseo-lub.com.ar\/es\/wp-json\/wp\/v2\/types\/product"}],"wp:featuredmedia":[{"embeddable":true,"href":"https:\/\/xn--puroespaciodiseo-lub.com.ar\/es\/wp-json\/wp\/v2\/media\/10404"}],"wp:attachment":[{"href":"https:\/\/xn--puroespaciodiseo-lub.com.ar\/es\/wp-json\/wp\/v2\/media?parent=10403"}],"wp:term":[{"taxonomy":"product_cat","embeddable":true,"href":"https:\/\/xn--puroespaciodiseo-lub.com.ar\/es\/wp-json\/wp\/v2\/product_cat?post=10403"},{"taxonomy":"product_tag","embeddable":true,"href":"https:\/\/xn--puroespaciodiseo-lub.com.ar\/es\/wp-json\/wp\/v2\/product_tag?post=10403"}],"curies":[{"name":"wp","href":"https:\/\/api.w.org\/{rel}","templated":true}]}}