{"id":10420,"date":"2022-09-28T17:58:36","date_gmt":"2022-09-28T17:58:36","guid":{"rendered":"http:\/\/xn--puroespaciodiseo-lub.com.ar\/?post_type=product&#038;p=10420"},"modified":"2022-10-27T15:18:20","modified_gmt":"2022-10-27T15:18:20","slug":"luxor-mini-si55-a","status":"publish","type":"product","link":"https:\/\/xn--puroespaciodiseo-lub.com.ar\/es\/producto\/luxor-mini-si55-a\/","title":{"rendered":"Modelo Luxor Mini SI55 A"},"content":{"rendered":"","protected":false},"excerpt":{"rendered":"<p>Basada en las protag\u00f3nicas l\u00edneas curvas, rasgo distintivo de la familia de piletas Luxor, el modelo Luxor Mini propone una soluci\u00f3n funcional y adecuada para superficies de trabajo reducidas, con un tama\u00f1o peque\u00f1o que explota al m\u00e1ximo su c\u00f3moda capacidad interna. Su fisonom\u00eda elegante acompa\u00f1a el dise\u00f1o de las cocinas y se convierte en un producto de dise\u00f1o.<\/p>","protected":false},"featured_media":10421,"template":"","meta":{"inline_featured_image":false,"_monsterinsights_skip_tracking":false,"_monsterinsights_sitenote_active":false,"_monsterinsights_sitenote_note":"","_monsterinsights_sitenote_category":0,"_joinchat":[]},"product_cat":[78,70,115],"product_tag":[],"_links":{"self":[{"href":"https:\/\/xn--puroespaciodiseo-lub.com.ar\/es\/wp-json\/wp\/v2\/product\/10420"}],"collection":[{"href":"https:\/\/xn--puroespaciodiseo-lub.com.ar\/es\/wp-json\/wp\/v2\/product"}],"about":[{"href":"https:\/\/xn--puroespaciodiseo-lub.com.ar\/es\/wp-json\/wp\/v2\/types\/product"}],"wp:featuredmedia":[{"embeddable":true,"href":"https:\/\/xn--puroespaciodiseo-lub.com.ar\/es\/wp-json\/wp\/v2\/media\/10421"}],"wp:attachment":[{"href":"https:\/\/xn--puroespaciodiseo-lub.com.ar\/es\/wp-json\/wp\/v2\/media?parent=10420"}],"wp:term":[{"taxonomy":"product_cat","embeddable":true,"href":"https:\/\/xn--puroespaciodiseo-lub.com.ar\/es\/wp-json\/wp\/v2\/product_cat?post=10420"},{"taxonomy":"product_tag","embeddable":true,"href":"https:\/\/xn--puroespaciodiseo-lub.com.ar\/es\/wp-json\/wp\/v2\/product_tag?post=10420"}],"curies":[{"name":"wp","href":"https:\/\/api.w.org\/{rel}","templated":true}]}}