{"id":10423,"date":"2022-09-28T18:00:04","date_gmt":"2022-09-28T18:00:04","guid":{"rendered":"http:\/\/xn--puroespaciodiseo-lub.com.ar\/?post_type=product&#038;p=10423"},"modified":"2022-10-27T15:18:14","modified_gmt":"2022-10-27T15:18:14","slug":"luxor-si85-a","status":"publish","type":"product","link":"https:\/\/xn--puroespaciodiseo-lub.com.ar\/es\/producto\/luxor-si85-a\/","title":{"rendered":"Modelo Luxor SI85 A"},"content":{"rendered":"","protected":false},"excerpt":{"rendered":"<p>Pileta simple de gran capacidad y valor agregado en dise\u00f1o permitiendo un alto desempe\u00f1o. Sus accesorios permiten sectorizarla, tiene las prestaciones de una pileta simple o doble. De aplicaci\u00f3n sobrepuesta, por su elegante borde decorativo. Admite tambi\u00e9n su colocaci\u00f3n inferior o soldada a una mesada de acero inoxidable. Uno de los accesorios m\u00e1s destacados es la tabla de madera que puede utilizarse en posici\u00f3n derecha \u00f3 izquierda y adem\u00e1s es reversible, permitiendo el preparado de diferentes tipo de alimentos (Carnes \u2013 Verduras). La misma adem\u00e1s permite extender la superficie de trabajo.<\/p>","protected":false},"featured_media":10425,"template":"","meta":{"inline_featured_image":false,"_monsterinsights_skip_tracking":false,"_monsterinsights_sitenote_active":false,"_monsterinsights_sitenote_note":"","_monsterinsights_sitenote_category":0,"_joinchat":[]},"product_cat":[78,70,115],"product_tag":[],"_links":{"self":[{"href":"https:\/\/xn--puroespaciodiseo-lub.com.ar\/es\/wp-json\/wp\/v2\/product\/10423"}],"collection":[{"href":"https:\/\/xn--puroespaciodiseo-lub.com.ar\/es\/wp-json\/wp\/v2\/product"}],"about":[{"href":"https:\/\/xn--puroespaciodiseo-lub.com.ar\/es\/wp-json\/wp\/v2\/types\/product"}],"wp:featuredmedia":[{"embeddable":true,"href":"https:\/\/xn--puroespaciodiseo-lub.com.ar\/es\/wp-json\/wp\/v2\/media\/10425"}],"wp:attachment":[{"href":"https:\/\/xn--puroespaciodiseo-lub.com.ar\/es\/wp-json\/wp\/v2\/media?parent=10423"}],"wp:term":[{"taxonomy":"product_cat","embeddable":true,"href":"https:\/\/xn--puroespaciodiseo-lub.com.ar\/es\/wp-json\/wp\/v2\/product_cat?post=10423"},{"taxonomy":"product_tag","embeddable":true,"href":"https:\/\/xn--puroespaciodiseo-lub.com.ar\/es\/wp-json\/wp\/v2\/product_tag?post=10423"}],"curies":[{"name":"wp","href":"https:\/\/api.w.org\/{rel}","templated":true}]}}