{"id":10430,"date":"2022-09-28T18:03:54","date_gmt":"2022-09-28T18:03:54","guid":{"rendered":"http:\/\/xn--puroespaciodiseo-lub.com.ar\/?post_type=product&#038;p=10430"},"modified":"2022-10-27T15:18:01","modified_gmt":"2022-10-27T15:18:01","slug":"quadra-q55","status":"publish","type":"product","link":"https:\/\/xn--puroespaciodiseo-lub.com.ar\/es\/producto\/quadra-q55\/","title":{"rendered":"Modelo Quadra Q55"},"content":{"rendered":"","protected":false},"excerpt":{"rendered":"<p>QUADRA MINI, la nueva pileta en acero inoxidable, aporta un dise\u00f1o exclusivo e innovador, caracterizado por la esencialidad, simpleza y aspecto compacto. Sus dimensiones parten de la investigaci\u00f3n y concepto de los espacios en los que habitamos considerando una soluci\u00f3n a los ambientes de dimensiones moderadas. All\u00ed la propuesta de producto aborda la eficiencia y funcionalidad en dos aspectos, la del \u00e1mbito cocina con sus proporciones y la del producto como pieza esencial.<\/p>","protected":false},"featured_media":10432,"template":"","meta":{"inline_featured_image":false,"_monsterinsights_skip_tracking":false,"_monsterinsights_sitenote_active":false,"_monsterinsights_sitenote_note":"","_monsterinsights_sitenote_category":0,"_joinchat":[]},"product_cat":[78,70,115],"product_tag":[],"_links":{"self":[{"href":"https:\/\/xn--puroespaciodiseo-lub.com.ar\/es\/wp-json\/wp\/v2\/product\/10430"}],"collection":[{"href":"https:\/\/xn--puroespaciodiseo-lub.com.ar\/es\/wp-json\/wp\/v2\/product"}],"about":[{"href":"https:\/\/xn--puroespaciodiseo-lub.com.ar\/es\/wp-json\/wp\/v2\/types\/product"}],"wp:featuredmedia":[{"embeddable":true,"href":"https:\/\/xn--puroespaciodiseo-lub.com.ar\/es\/wp-json\/wp\/v2\/media\/10432"}],"wp:attachment":[{"href":"https:\/\/xn--puroespaciodiseo-lub.com.ar\/es\/wp-json\/wp\/v2\/media?parent=10430"}],"wp:term":[{"taxonomy":"product_cat","embeddable":true,"href":"https:\/\/xn--puroespaciodiseo-lub.com.ar\/es\/wp-json\/wp\/v2\/product_cat?post=10430"},{"taxonomy":"product_tag","embeddable":true,"href":"https:\/\/xn--puroespaciodiseo-lub.com.ar\/es\/wp-json\/wp\/v2\/product_tag?post=10430"}],"curies":[{"name":"wp","href":"https:\/\/api.w.org\/{rel}","templated":true}]}}