{"id":10434,"date":"2022-09-28T18:04:57","date_gmt":"2022-09-28T18:04:57","guid":{"rendered":"http:\/\/xn--puroespaciodiseo-lub.com.ar\/?post_type=product&#038;p=10434"},"modified":"2022-10-27T15:17:54","modified_gmt":"2022-10-27T15:17:54","slug":"quadra-q37","status":"publish","type":"product","link":"https:\/\/xn--puroespaciodiseo-lub.com.ar\/es\/producto\/quadra-q37\/","title":{"rendered":"Modelo Quadra Q37"},"content":{"rendered":"","protected":false},"excerpt":{"rendered":"<p>Es una pileta de prestaci\u00f3n en unidad simple. Su dise\u00f1o, acompa\u00f1ado por el formato rectangular y las esquinas reducidas -propio de la serie Quadra- la dotan de una muy buena capacidad interior que acompa\u00f1a su elegante forma. Aplicando su uso combinado en el sentido de sus 34 \u00f3 37 cm propone longitudes diferentes como pileta doble para cualquier tipo de superficie en mesadas.<\/p>","protected":false},"featured_media":10435,"template":"","meta":{"inline_featured_image":false,"_monsterinsights_skip_tracking":false,"_monsterinsights_sitenote_active":false,"_monsterinsights_sitenote_note":"","_monsterinsights_sitenote_category":0,"_joinchat":[]},"product_cat":[78,70,115],"product_tag":[],"_links":{"self":[{"href":"https:\/\/xn--puroespaciodiseo-lub.com.ar\/es\/wp-json\/wp\/v2\/product\/10434"}],"collection":[{"href":"https:\/\/xn--puroespaciodiseo-lub.com.ar\/es\/wp-json\/wp\/v2\/product"}],"about":[{"href":"https:\/\/xn--puroespaciodiseo-lub.com.ar\/es\/wp-json\/wp\/v2\/types\/product"}],"wp:featuredmedia":[{"embeddable":true,"href":"https:\/\/xn--puroespaciodiseo-lub.com.ar\/es\/wp-json\/wp\/v2\/media\/10435"}],"wp:attachment":[{"href":"https:\/\/xn--puroespaciodiseo-lub.com.ar\/es\/wp-json\/wp\/v2\/media?parent=10434"}],"wp:term":[{"taxonomy":"product_cat","embeddable":true,"href":"https:\/\/xn--puroespaciodiseo-lub.com.ar\/es\/wp-json\/wp\/v2\/product_cat?post=10434"},{"taxonomy":"product_tag","embeddable":true,"href":"https:\/\/xn--puroespaciodiseo-lub.com.ar\/es\/wp-json\/wp\/v2\/product_tag?post=10434"}],"curies":[{"name":"wp","href":"https:\/\/api.w.org\/{rel}","templated":true}]}}