{"id":10440,"date":"2022-09-28T18:08:02","date_gmt":"2022-09-28T18:08:02","guid":{"rendered":"http:\/\/xn--puroespaciodiseo-lub.com.ar\/?post_type=product&#038;p=10440"},"modified":"2022-10-27T15:17:41","modified_gmt":"2022-10-27T15:17:41","slug":"quadra-max-q71-a","status":"publish","type":"product","link":"https:\/\/xn--puroespaciodiseo-lub.com.ar\/es\/producto\/quadra-max-q71-a\/","title":{"rendered":"Modelo Quadra Max Q71 A"},"content":{"rendered":"","protected":false},"excerpt":{"rendered":"<p>Su esencia la convierten en una experiencia para disfrutar. Gran capacidad en un \u00fanico volumen y variedad de opciones en sus accesorios permiten pensar en un orden para trabajar en ella.<br \/>\nLa gran dimensi\u00f3n para su uso simple o para utilizarla con su funci\u00f3n de pileta doble nos remite a una libertad de acci\u00f3n y usarla como m\u00e1s nos gusta. QUADRA MAX da una respuesta personalizada; la elecci\u00f3n de las diferentes piezas accesorias, su posici\u00f3n y diversidad de uso plantean opciones a la practicidad y eficiencia de la cocina.<br \/>\nLa composici\u00f3n del modelo cuenta con un detalle distintivo, el dise\u00f1o rectangular en todos los componentes con peque\u00f1os radios en los encuentros entre paredes laterales y fondo. El desag\u00fce con sopapa de formato cuadrado otorgan un rasgo de personalidad \u00fanico.<\/p>","protected":false},"featured_media":10441,"template":"","meta":{"inline_featured_image":false,"_monsterinsights_skip_tracking":false,"_monsterinsights_sitenote_active":false,"_monsterinsights_sitenote_note":"","_monsterinsights_sitenote_category":0,"_joinchat":[]},"product_cat":[78,70,115],"product_tag":[],"_links":{"self":[{"href":"https:\/\/xn--puroespaciodiseo-lub.com.ar\/es\/wp-json\/wp\/v2\/product\/10440"}],"collection":[{"href":"https:\/\/xn--puroespaciodiseo-lub.com.ar\/es\/wp-json\/wp\/v2\/product"}],"about":[{"href":"https:\/\/xn--puroespaciodiseo-lub.com.ar\/es\/wp-json\/wp\/v2\/types\/product"}],"wp:featuredmedia":[{"embeddable":true,"href":"https:\/\/xn--puroespaciodiseo-lub.com.ar\/es\/wp-json\/wp\/v2\/media\/10441"}],"wp:attachment":[{"href":"https:\/\/xn--puroespaciodiseo-lub.com.ar\/es\/wp-json\/wp\/v2\/media?parent=10440"}],"wp:term":[{"taxonomy":"product_cat","embeddable":true,"href":"https:\/\/xn--puroespaciodiseo-lub.com.ar\/es\/wp-json\/wp\/v2\/product_cat?post=10440"},{"taxonomy":"product_tag","embeddable":true,"href":"https:\/\/xn--puroespaciodiseo-lub.com.ar\/es\/wp-json\/wp\/v2\/product_tag?post=10440"}],"curies":[{"name":"wp","href":"https:\/\/api.w.org\/{rel}","templated":true}]}}