{"id":10486,"date":"2022-09-28T18:24:42","date_gmt":"2022-09-28T18:24:42","guid":{"rendered":"http:\/\/xn--puroespaciodiseo-lub.com.ar\/?post_type=product&#038;p=10486"},"modified":"2022-10-27T15:16:06","modified_gmt":"2022-10-27T15:16:06","slug":"quadra-q76","status":"publish","type":"product","link":"https:\/\/xn--puroespaciodiseo-lub.com.ar\/es\/producto\/quadra-q76\/","title":{"rendered":"Modelo Quadra Q76"},"content":{"rendered":"","protected":false},"excerpt":{"rendered":"<p>Su dise\u00f1o responde al concepto cl\u00e1sico de pileta doble y compuesto por dos piletas iguales.<br \/>\nEn cuanto a su tama\u00f1o se encuentra en un rango de longitud muy apropiado y de uso t\u00edpico en cocinas de mediano y gran tama\u00f1o.<br \/>\nComo en la mayor\u00eda de las piletas dobles la incorporaci\u00f3n de accesorios como la tabla de picar permite adicionar una superficie de trabajo cuando la pileta no se utiliza, convirti\u00e9ndola en una soluci\u00f3n vers\u00e1til en las cocinas.<\/p>","protected":false},"featured_media":10487,"template":"","meta":{"inline_featured_image":false,"_monsterinsights_skip_tracking":false,"_monsterinsights_sitenote_active":false,"_monsterinsights_sitenote_note":"","_monsterinsights_sitenote_category":0,"_joinchat":[]},"product_cat":[78,116,70],"product_tag":[],"_links":{"self":[{"href":"https:\/\/xn--puroespaciodiseo-lub.com.ar\/es\/wp-json\/wp\/v2\/product\/10486"}],"collection":[{"href":"https:\/\/xn--puroespaciodiseo-lub.com.ar\/es\/wp-json\/wp\/v2\/product"}],"about":[{"href":"https:\/\/xn--puroespaciodiseo-lub.com.ar\/es\/wp-json\/wp\/v2\/types\/product"}],"wp:featuredmedia":[{"embeddable":true,"href":"https:\/\/xn--puroespaciodiseo-lub.com.ar\/es\/wp-json\/wp\/v2\/media\/10487"}],"wp:attachment":[{"href":"https:\/\/xn--puroespaciodiseo-lub.com.ar\/es\/wp-json\/wp\/v2\/media?parent=10486"}],"wp:term":[{"taxonomy":"product_cat","embeddable":true,"href":"https:\/\/xn--puroespaciodiseo-lub.com.ar\/es\/wp-json\/wp\/v2\/product_cat?post=10486"},{"taxonomy":"product_tag","embeddable":true,"href":"https:\/\/xn--puroespaciodiseo-lub.com.ar\/es\/wp-json\/wp\/v2\/product_tag?post=10486"}],"curies":[{"name":"wp","href":"https:\/\/api.w.org\/{rel}","templated":true}]}}