{"id":10489,"date":"2022-09-28T18:25:48","date_gmt":"2022-09-28T18:25:48","guid":{"rendered":"http:\/\/xn--puroespaciodiseo-lub.com.ar\/?post_type=product&#038;p=10489"},"modified":"2022-10-27T15:16:00","modified_gmt":"2022-10-27T15:16:00","slug":"quadra-q76-a","status":"publish","type":"product","link":"https:\/\/xn--puroespaciodiseo-lub.com.ar\/es\/producto\/quadra-q76-a\/","title":{"rendered":"Modelo Quadra Q76 A"},"content":{"rendered":"","protected":false},"excerpt":{"rendered":"<p>La evoluci\u00f3n de la familia de piletas Quadra contin\u00faa aportando nuevas soluciones y prestaciones. Los atributos que la caracterizan refuerzan la personalidad y est\u00e9tica de sus formas lineales, sus marcados planos laterales y esquinas de m\u00ednimos radios de 25mm.<\/p>\n<p>La simetr\u00eda de dos piletas iguales dan forma al concepto de pileta doble con la particularidad de aplicarse desde arriba con grampas de fijaci\u00f3n. Sus dimensiones y proporciones son aptas para usuarios que desarrollan su actividad en cocinas de mediano y gran tama\u00f1o.<br \/>\nLos accesorios son una constante en la gama de piletas Quadra tales como la tabla de picar de madera y el escurreplatos de acero. Con esta nueva alternativa, la familia Q76 cubre todas las posibilidades que una pileta demanda (de arriba, de abajo y soldada).<\/p>","protected":false},"featured_media":10490,"template":"","meta":{"inline_featured_image":false,"_monsterinsights_skip_tracking":false,"_monsterinsights_sitenote_active":false,"_monsterinsights_sitenote_note":"","_monsterinsights_sitenote_category":0,"_joinchat":[]},"product_cat":[78,116,70],"product_tag":[],"_links":{"self":[{"href":"https:\/\/xn--puroespaciodiseo-lub.com.ar\/es\/wp-json\/wp\/v2\/product\/10489"}],"collection":[{"href":"https:\/\/xn--puroespaciodiseo-lub.com.ar\/es\/wp-json\/wp\/v2\/product"}],"about":[{"href":"https:\/\/xn--puroespaciodiseo-lub.com.ar\/es\/wp-json\/wp\/v2\/types\/product"}],"wp:featuredmedia":[{"embeddable":true,"href":"https:\/\/xn--puroespaciodiseo-lub.com.ar\/es\/wp-json\/wp\/v2\/media\/10490"}],"wp:attachment":[{"href":"https:\/\/xn--puroespaciodiseo-lub.com.ar\/es\/wp-json\/wp\/v2\/media?parent=10489"}],"wp:term":[{"taxonomy":"product_cat","embeddable":true,"href":"https:\/\/xn--puroespaciodiseo-lub.com.ar\/es\/wp-json\/wp\/v2\/product_cat?post=10489"},{"taxonomy":"product_tag","embeddable":true,"href":"https:\/\/xn--puroespaciodiseo-lub.com.ar\/es\/wp-json\/wp\/v2\/product_tag?post=10489"}],"curies":[{"name":"wp","href":"https:\/\/api.w.org\/{rel}","templated":true}]}}