{"id":10510,"date":"2022-09-28T18:33:28","date_gmt":"2022-09-28T18:33:28","guid":{"rendered":"http:\/\/xn--puroespaciodiseo-lub.com.ar\/?post_type=product&#038;p=10510"},"modified":"2022-10-27T15:14:32","modified_gmt":"2022-10-27T15:14:32","slug":"r63-18-f","status":"publish","type":"product","link":"https:\/\/xn--puroespaciodiseo-lub.com.ar\/es\/producto\/r63-18-f\/","title":{"rendered":"Modelo R63\/18 F"},"content":{"rendered":"","protected":false},"excerpt":{"rendered":"<p>La versatilidad de las piletas dobles tal como la R63\/18 F nos permite obtener el m\u00e1ximo beneficio de una pileta amplia para el lavado y otra para el escurrido, caracter\u00edstica de gran utilidad en espacios reducidos de mesadas sin necesidad de renunciar a las pretensiones de hoy en d\u00eda.<br \/>\nEl per\u00edmetro de la pileta a la vista, de aplicaci\u00f3n superior y de forma muy pr\u00e1ctica sobre la mesada (sin el agregado de grampas de fijaci\u00f3n) hace de este modelo una opci\u00f3n interesante.<br \/>\nEl amplio espectro de accesorios permite a la pileta R63\/18 F extender sus prestaciones acordes a las necesidades de cada usuario.<\/p>","protected":false},"featured_media":10511,"template":"","meta":{"inline_featured_image":false,"_monsterinsights_skip_tracking":false,"_monsterinsights_sitenote_active":false,"_monsterinsights_sitenote_note":"","_monsterinsights_sitenote_category":0,"_joinchat":[]},"product_cat":[78,116,70],"product_tag":[],"_links":{"self":[{"href":"https:\/\/xn--puroespaciodiseo-lub.com.ar\/es\/wp-json\/wp\/v2\/product\/10510"}],"collection":[{"href":"https:\/\/xn--puroespaciodiseo-lub.com.ar\/es\/wp-json\/wp\/v2\/product"}],"about":[{"href":"https:\/\/xn--puroespaciodiseo-lub.com.ar\/es\/wp-json\/wp\/v2\/types\/product"}],"wp:featuredmedia":[{"embeddable":true,"href":"https:\/\/xn--puroespaciodiseo-lub.com.ar\/es\/wp-json\/wp\/v2\/media\/10511"}],"wp:attachment":[{"href":"https:\/\/xn--puroespaciodiseo-lub.com.ar\/es\/wp-json\/wp\/v2\/media?parent=10510"}],"wp:term":[{"taxonomy":"product_cat","embeddable":true,"href":"https:\/\/xn--puroespaciodiseo-lub.com.ar\/es\/wp-json\/wp\/v2\/product_cat?post=10510"},{"taxonomy":"product_tag","embeddable":true,"href":"https:\/\/xn--puroespaciodiseo-lub.com.ar\/es\/wp-json\/wp\/v2\/product_tag?post=10510"}],"curies":[{"name":"wp","href":"https:\/\/api.w.org\/{rel}","templated":true}]}}