{"id":11020,"date":"2023-02-16T16:46:04","date_gmt":"2023-02-16T16:46:04","guid":{"rendered":"http:\/\/xn--puroespaciodiseo-lub.com.ar\/?post_type=product&#038;p=11020"},"modified":"2023-02-16T16:48:41","modified_gmt":"2023-02-16T16:48:41","slug":"30-x-ll-taponado-pulido","status":"publish","type":"product","link":"https:\/\/xn--puroespaciodiseo-lub.com.ar\/es\/producto\/30-x-ll-taponado-pulido\/","title":{"rendered":"30 x LL Taponado Pulido"},"content":{"rendered":"<p>Con su color beige claro caracter\u00edstico, este material nos brinda una alternativa cl\u00e1sica y atemporal para aplicaciones en interiores, exteriores, piscinas, revestimientos, etc.<br \/>\nNuestro Travertino  es sacado directo de cantera y procesado por nosotros, con una trayectoria de m\u00e1s de 40 a\u00f1os. El mismo se produce de largos libres o fijos con acabado pulido mate, ya sea taponado o sin taponar. Una ventaja de esta piedra natural es que con el paso de los a\u00f1os ya colocado se pueden hacer trabajos de repulido y retaponados, dej\u00e1ndolos como nuevos.<br \/>\nEl travertino se suele usar con poro abierto cuando se aplica en revestimientos y en \u00e1reas exteriores y bordes de pileta ya que el poro abierto aporta agarre a la superficie para evitar resbalar y con poro sellado pulido en interiores para una limpieza m\u00e1s f\u00e1cil.<\/p>","protected":false},"excerpt":{"rendered":"<p>Al d\u00eda de hoy el Travertino es una de las piedras naturales m\u00e1s usadas en pisos y revestimientos. Gracias a su durabilidad, al d\u00eda de hoy a\u00fan pueden observarse trabajos realizados de \u00e9pocas antiguas, como en la antigua Roma.<br \/>\nEsta piedra natural se reinventa para adaptarse a los nuevos conceptos constructivos y arquitect\u00f3nicos integr\u00e1ndose completamente en interiorismos contempor\u00e1neos.<\/p>","protected":false},"featured_media":11021,"template":"","meta":{"inline_featured_image":false,"_monsterinsights_skip_tracking":false,"_monsterinsights_sitenote_active":false,"_monsterinsights_sitenote_note":"","_monsterinsights_sitenote_category":0,"_joinchat":[]},"product_cat":[127,123,122],"product_tag":[],"_links":{"self":[{"href":"https:\/\/xn--puroespaciodiseo-lub.com.ar\/es\/wp-json\/wp\/v2\/product\/11020"}],"collection":[{"href":"https:\/\/xn--puroespaciodiseo-lub.com.ar\/es\/wp-json\/wp\/v2\/product"}],"about":[{"href":"https:\/\/xn--puroespaciodiseo-lub.com.ar\/es\/wp-json\/wp\/v2\/types\/product"}],"wp:featuredmedia":[{"embeddable":true,"href":"https:\/\/xn--puroespaciodiseo-lub.com.ar\/es\/wp-json\/wp\/v2\/media\/11021"}],"wp:attachment":[{"href":"https:\/\/xn--puroespaciodiseo-lub.com.ar\/es\/wp-json\/wp\/v2\/media?parent=11020"}],"wp:term":[{"taxonomy":"product_cat","embeddable":true,"href":"https:\/\/xn--puroespaciodiseo-lub.com.ar\/es\/wp-json\/wp\/v2\/product_cat?post=11020"},{"taxonomy":"product_tag","embeddable":true,"href":"https:\/\/xn--puroespaciodiseo-lub.com.ar\/es\/wp-json\/wp\/v2\/product_tag?post=11020"}],"curies":[{"name":"wp","href":"https:\/\/api.w.org\/{rel}","templated":true}]}}