{"id":11124,"date":"2024-03-14T07:14:49","date_gmt":"2024-03-14T07:14:49","guid":{"rendered":"https:\/\/xn--puroespaciodiseo-lub.com.ar\/?post_type=product&#038;p=11124"},"modified":"2024-03-14T08:09:36","modified_gmt":"2024-03-14T08:09:36","slug":"piso-de-madera-ant-guayuvira-wild","status":"publish","type":"product","link":"https:\/\/xn--puroespaciodiseo-lub.com.ar\/es\/producto\/piso-de-madera-ant-guayuvira-wild\/","title":{"rendered":"Piso de Madera Ant. Guayuvira Wild"},"content":{"rendered":"","protected":false},"excerpt":{"rendered":"<p>Este piso mantiene la Tonalidad natural de la especie, con ex\u00f3ticas vetas negra, marrones y amarillas. Dise\u00f1o en su estado m\u00e1s genuino, es el protagonista de cualquiera de sus ambientes en donde las imperfecciones de la madera son un atributo.<\/p>\n<p><strong>Medidas:<\/strong> 19 X 140 X 280 \u2013 1750 MM<\/p>","protected":false},"featured_media":11125,"template":"","meta":{"inline_featured_image":false,"_monsterinsights_skip_tracking":false,"_monsterinsights_sitenote_active":false,"_monsterinsights_sitenote_note":"","_monsterinsights_sitenote_category":0,"_joinchat":[]},"product_cat":[168,170],"product_tag":[],"_links":{"self":[{"href":"https:\/\/xn--puroespaciodiseo-lub.com.ar\/es\/wp-json\/wp\/v2\/product\/11124"}],"collection":[{"href":"https:\/\/xn--puroespaciodiseo-lub.com.ar\/es\/wp-json\/wp\/v2\/product"}],"about":[{"href":"https:\/\/xn--puroespaciodiseo-lub.com.ar\/es\/wp-json\/wp\/v2\/types\/product"}],"wp:featuredmedia":[{"embeddable":true,"href":"https:\/\/xn--puroespaciodiseo-lub.com.ar\/es\/wp-json\/wp\/v2\/media\/11125"}],"wp:attachment":[{"href":"https:\/\/xn--puroespaciodiseo-lub.com.ar\/es\/wp-json\/wp\/v2\/media?parent=11124"}],"wp:term":[{"taxonomy":"product_cat","embeddable":true,"href":"https:\/\/xn--puroespaciodiseo-lub.com.ar\/es\/wp-json\/wp\/v2\/product_cat?post=11124"},{"taxonomy":"product_tag","embeddable":true,"href":"https:\/\/xn--puroespaciodiseo-lub.com.ar\/es\/wp-json\/wp\/v2\/product_tag?post=11124"}],"curies":[{"name":"wp","href":"https:\/\/api.w.org\/{rel}","templated":true}]}}