{"id":11130,"date":"2024-03-14T07:18:07","date_gmt":"2024-03-14T07:18:07","guid":{"rendered":"https:\/\/xn--puroespaciodiseo-lub.com.ar\/?post_type=product&#038;p=11130"},"modified":"2024-03-14T08:08:48","modified_gmt":"2024-03-14T08:08:48","slug":"piso-de-madera-pf-fashion-carvalho","status":"publish","type":"product","link":"https:\/\/xn--puroespaciodiseo-lub.com.ar\/es\/producto\/piso-de-madera-pf-fashion-carvalho\/","title":{"rendered":"Piso de madera PF Fashion Carvalho"},"content":{"rendered":"","protected":false},"excerpt":{"rendered":"<p>Piso con base estructurada en madera, es decir, l\u00e1minas de madera de reforestamiento cruzadas entre si para la construcci\u00f3n de la base, con una l\u00e1mina superior de 3 mm o 4 mm de madera noble que determina el color del produto _nal. Su espesor total puede variar de 9,5 a 19 mm. El piso recibe ocho capas de barniz, con aplicaci\u00f3n de \u00f3xido de aluminio en una de sus capas y secado especial con rayos U.V. Procedimientos realizados en su fabricaci\u00f3n\/ producci\u00f3n con equipamientos de alta tecnolog\u00eda, que garantizan la alta resistencia del producto. Los productos multiestructurados pueden ser restaurados (lijados) de 2 a 3 veces.<\/p>\n<p><strong>Medidas:<\/strong> 10 X 90 X 1200 MM<\/p>","protected":false},"featured_media":11131,"template":"","meta":{"inline_featured_image":false,"_monsterinsights_skip_tracking":false,"_monsterinsights_sitenote_active":false,"_monsterinsights_sitenote_note":"","_monsterinsights_sitenote_category":0,"_joinchat":[]},"product_cat":[168,170],"product_tag":[],"_links":{"self":[{"href":"https:\/\/xn--puroespaciodiseo-lub.com.ar\/es\/wp-json\/wp\/v2\/product\/11130"}],"collection":[{"href":"https:\/\/xn--puroespaciodiseo-lub.com.ar\/es\/wp-json\/wp\/v2\/product"}],"about":[{"href":"https:\/\/xn--puroespaciodiseo-lub.com.ar\/es\/wp-json\/wp\/v2\/types\/product"}],"wp:featuredmedia":[{"embeddable":true,"href":"https:\/\/xn--puroespaciodiseo-lub.com.ar\/es\/wp-json\/wp\/v2\/media\/11131"}],"wp:attachment":[{"href":"https:\/\/xn--puroespaciodiseo-lub.com.ar\/es\/wp-json\/wp\/v2\/media?parent=11130"}],"wp:term":[{"taxonomy":"product_cat","embeddable":true,"href":"https:\/\/xn--puroespaciodiseo-lub.com.ar\/es\/wp-json\/wp\/v2\/product_cat?post=11130"},{"taxonomy":"product_tag","embeddable":true,"href":"https:\/\/xn--puroespaciodiseo-lub.com.ar\/es\/wp-json\/wp\/v2\/product_tag?post=11130"}],"curies":[{"name":"wp","href":"https:\/\/api.w.org\/{rel}","templated":true}]}}