{"id":11299,"date":"2025-08-12T20:57:18","date_gmt":"2025-08-12T20:57:18","guid":{"rendered":"https:\/\/xn--puroespaciodiseo-lub.com.ar\/?post_type=product&#038;p=11299"},"modified":"2025-08-12T21:05:52","modified_gmt":"2025-08-12T21:05:52","slug":"revestimientos-01","status":"publish","type":"product","link":"https:\/\/xn--puroespaciodiseo-lub.com.ar\/es\/producto\/revestimientos-01\/","title":{"rendered":"Revestimientos 01"},"content":{"rendered":"","protected":false},"excerpt":{"rendered":"<p>Somos productores de m\u00e1rmol travertino y realizamos revestimientos a medida para todo tipo de proyectos.<\/p>\n<p>Combinamos m\u00e1s de 40 a\u00f1os de experiencia con tecnolog\u00eda de \u00faltima generaci\u00f3n para ofrecer cortes, terminaciones y dise\u00f1os \u00fanicos.<\/p>\n<p>Para pedir una cotizaci\u00f3n, escribinos por WhatsApp.<\/p>","protected":false},"featured_media":11300,"template":"","meta":{"inline_featured_image":false,"_monsterinsights_skip_tracking":false,"_monsterinsights_sitenote_active":false,"_monsterinsights_sitenote_note":"","_monsterinsights_sitenote_category":0,"_joinchat":[]},"product_cat":[124,122],"product_tag":[],"_links":{"self":[{"href":"https:\/\/xn--puroespaciodiseo-lub.com.ar\/es\/wp-json\/wp\/v2\/product\/11299"}],"collection":[{"href":"https:\/\/xn--puroespaciodiseo-lub.com.ar\/es\/wp-json\/wp\/v2\/product"}],"about":[{"href":"https:\/\/xn--puroespaciodiseo-lub.com.ar\/es\/wp-json\/wp\/v2\/types\/product"}],"wp:featuredmedia":[{"embeddable":true,"href":"https:\/\/xn--puroespaciodiseo-lub.com.ar\/es\/wp-json\/wp\/v2\/media\/11300"}],"wp:attachment":[{"href":"https:\/\/xn--puroespaciodiseo-lub.com.ar\/es\/wp-json\/wp\/v2\/media?parent=11299"}],"wp:term":[{"taxonomy":"product_cat","embeddable":true,"href":"https:\/\/xn--puroespaciodiseo-lub.com.ar\/es\/wp-json\/wp\/v2\/product_cat?post=11299"},{"taxonomy":"product_tag","embeddable":true,"href":"https:\/\/xn--puroespaciodiseo-lub.com.ar\/es\/wp-json\/wp\/v2\/product_tag?post=11299"}],"curies":[{"name":"wp","href":"https:\/\/api.w.org\/{rel}","templated":true}]}}