{"id":11306,"date":"2025-08-12T21:06:31","date_gmt":"2025-08-12T21:06:31","guid":{"rendered":"https:\/\/xn--puroespaciodiseo-lub.com.ar\/?post_type=product&#038;p=11306"},"modified":"2025-08-12T21:11:05","modified_gmt":"2025-08-12T21:11:05","slug":"piletas-01","status":"publish","type":"product","link":"https:\/\/xn--puroespaciodiseo-lub.com.ar\/es\/producto\/piletas-01\/","title":{"rendered":"Piletas 01"},"content":{"rendered":"","protected":false},"excerpt":{"rendered":"<p>Revestimientos de Travertino para Piletas<\/p>\n<p>En Puro M\u00e1rmol somos especialistas en la fabricaci\u00f3n de revestimientos de travertino a medida, ideales para piletas de nataci\u00f3n. Con m\u00e1s de 40 a\u00f1os de experiencia y tecnolog\u00eda avanzada, ofrecemos productos duraderos y de alta calidad que realzan y protegen tu espacio acu\u00e1tico.<\/p>\n<p>Para pedir una cotizaci\u00f3n, escribinos por WhatsApp.<\/p>","protected":false},"featured_media":11307,"template":"","meta":{"inline_featured_image":false,"_monsterinsights_skip_tracking":false,"_monsterinsights_sitenote_active":false,"_monsterinsights_sitenote_note":"","_monsterinsights_sitenote_category":0,"_joinchat":[]},"product_cat":[184,122],"product_tag":[],"_links":{"self":[{"href":"https:\/\/xn--puroespaciodiseo-lub.com.ar\/es\/wp-json\/wp\/v2\/product\/11306"}],"collection":[{"href":"https:\/\/xn--puroespaciodiseo-lub.com.ar\/es\/wp-json\/wp\/v2\/product"}],"about":[{"href":"https:\/\/xn--puroespaciodiseo-lub.com.ar\/es\/wp-json\/wp\/v2\/types\/product"}],"wp:featuredmedia":[{"embeddable":true,"href":"https:\/\/xn--puroespaciodiseo-lub.com.ar\/es\/wp-json\/wp\/v2\/media\/11307"}],"wp:attachment":[{"href":"https:\/\/xn--puroespaciodiseo-lub.com.ar\/es\/wp-json\/wp\/v2\/media?parent=11306"}],"wp:term":[{"taxonomy":"product_cat","embeddable":true,"href":"https:\/\/xn--puroespaciodiseo-lub.com.ar\/es\/wp-json\/wp\/v2\/product_cat?post=11306"},{"taxonomy":"product_tag","embeddable":true,"href":"https:\/\/xn--puroespaciodiseo-lub.com.ar\/es\/wp-json\/wp\/v2\/product_tag?post=11306"}],"curies":[{"name":"wp","href":"https:\/\/api.w.org\/{rel}","templated":true}]}}