{"id":11350,"date":"2025-08-12T21:31:00","date_gmt":"2025-08-12T21:31:00","guid":{"rendered":"https:\/\/xn--puroespaciodiseo-lub.com.ar\/?post_type=product&#038;p=11350"},"modified":"2025-08-12T21:37:21","modified_gmt":"2025-08-12T21:37:21","slug":"banos-01","status":"publish","type":"product","link":"https:\/\/xn--puroespaciodiseo-lub.com.ar\/es\/producto\/banos-01\/","title":{"rendered":"Ba\u00f1os 01"},"content":{"rendered":"","protected":false},"excerpt":{"rendered":"<p>Revestimientos y Mesadas de Travertino para Ba\u00f1os<\/p>\n<p>En Puro M\u00e1rmol ofrecemos revestimientos, mesadas y bachas de travertino a medida para ba\u00f1os, combinando elegancia y funcionalidad. Con m\u00e1s de 40 a\u00f1os de experiencia, creamos espacios \u00fanicos y sofisticados utilizando materiales de alta calidad y tecnolog\u00eda avanzada.<\/p>\n<p>Para pedir una cotizaci\u00f3n, escribinos por WhatsApp.<\/p>","protected":false},"featured_media":11351,"template":"","meta":{"inline_featured_image":false,"_monsterinsights_skip_tracking":false,"_monsterinsights_sitenote_active":false,"_monsterinsights_sitenote_note":"","_monsterinsights_sitenote_category":0,"_joinchat":[]},"product_cat":[189,122],"product_tag":[],"_links":{"self":[{"href":"https:\/\/xn--puroespaciodiseo-lub.com.ar\/es\/wp-json\/wp\/v2\/product\/11350"}],"collection":[{"href":"https:\/\/xn--puroespaciodiseo-lub.com.ar\/es\/wp-json\/wp\/v2\/product"}],"about":[{"href":"https:\/\/xn--puroespaciodiseo-lub.com.ar\/es\/wp-json\/wp\/v2\/types\/product"}],"wp:featuredmedia":[{"embeddable":true,"href":"https:\/\/xn--puroespaciodiseo-lub.com.ar\/es\/wp-json\/wp\/v2\/media\/11351"}],"wp:attachment":[{"href":"https:\/\/xn--puroespaciodiseo-lub.com.ar\/es\/wp-json\/wp\/v2\/media?parent=11350"}],"wp:term":[{"taxonomy":"product_cat","embeddable":true,"href":"https:\/\/xn--puroespaciodiseo-lub.com.ar\/es\/wp-json\/wp\/v2\/product_cat?post=11350"},{"taxonomy":"product_tag","embeddable":true,"href":"https:\/\/xn--puroespaciodiseo-lub.com.ar\/es\/wp-json\/wp\/v2\/product_tag?post=11350"}],"curies":[{"name":"wp","href":"https:\/\/api.w.org\/{rel}","templated":true}]}}