{"id":11361,"date":"2025-08-12T21:58:45","date_gmt":"2025-08-12T21:58:45","guid":{"rendered":"https:\/\/xn--puroespaciodiseo-lub.com.ar\/?post_type=product&#038;p=11361"},"modified":"2025-08-12T22:01:47","modified_gmt":"2025-08-12T22:01:47","slug":"10-x-ll-01","status":"publish","type":"product","link":"https:\/\/xn--puroespaciodiseo-lub.com.ar\/es\/producto\/10-x-ll-01\/","title":{"rendered":"10 x LL 01"},"content":{"rendered":"","protected":false},"excerpt":{"rendered":"<p>Pisos de Travertino Pulidos y R\u00fasticos<\/p>\n<p>En Puro M\u00e1rmol ofrecemos pisos de travertino en acabados pulidos o r\u00fasticos, disponibles en medidas de 10, 20, 30, 40 y 60 cm por largo libre. Con m\u00e1s de 40 a\u00f1os de experiencia, combinamos calidad y tecnolog\u00eda para brindarte pisos duraderos y con estilo.<\/p>\n<p>Consultanos por WhatsApp para m\u00e1s info y cotizaciones.<\/p>","protected":false},"featured_media":11362,"template":"","meta":{"inline_featured_image":false,"_monsterinsights_skip_tracking":false,"_monsterinsights_sitenote_active":false,"_monsterinsights_sitenote_note":"","_monsterinsights_sitenote_category":0,"_joinchat":[]},"product_cat":[129,123,122],"product_tag":[],"_links":{"self":[{"href":"https:\/\/xn--puroespaciodiseo-lub.com.ar\/es\/wp-json\/wp\/v2\/product\/11361"}],"collection":[{"href":"https:\/\/xn--puroespaciodiseo-lub.com.ar\/es\/wp-json\/wp\/v2\/product"}],"about":[{"href":"https:\/\/xn--puroespaciodiseo-lub.com.ar\/es\/wp-json\/wp\/v2\/types\/product"}],"wp:featuredmedia":[{"embeddable":true,"href":"https:\/\/xn--puroespaciodiseo-lub.com.ar\/es\/wp-json\/wp\/v2\/media\/11362"}],"wp:attachment":[{"href":"https:\/\/xn--puroespaciodiseo-lub.com.ar\/es\/wp-json\/wp\/v2\/media?parent=11361"}],"wp:term":[{"taxonomy":"product_cat","embeddable":true,"href":"https:\/\/xn--puroespaciodiseo-lub.com.ar\/es\/wp-json\/wp\/v2\/product_cat?post=11361"},{"taxonomy":"product_tag","embeddable":true,"href":"https:\/\/xn--puroespaciodiseo-lub.com.ar\/es\/wp-json\/wp\/v2\/product_tag?post=11361"}],"curies":[{"name":"wp","href":"https:\/\/api.w.org\/{rel}","templated":true}]}}