{"id":11459,"date":"2025-08-19T20:43:28","date_gmt":"2025-08-19T20:43:28","guid":{"rendered":"https:\/\/xn--puroespaciodiseo-lub.com.ar\/?post_type=product&#038;p=11459"},"modified":"2025-08-19T20:43:45","modified_gmt":"2025-08-19T20:43:45","slug":"piletas-03","status":"publish","type":"product","link":"https:\/\/xn--puroespaciodiseo-lub.com.ar\/es\/producto\/piletas-03\/","title":{"rendered":"Piletas 03"},"content":{"rendered":"","protected":false},"excerpt":{"rendered":"<p>Revestimientos de Travertino para Piletas<\/p>\n<p>En Puro M\u00e1rmol somos especialistas en la fabricaci\u00f3n de revestimientos de travertino a medida, ideales para piletas de nataci\u00f3n. Con m\u00e1s de 40 a\u00f1os de experiencia y tecnolog\u00eda avanzada, ofrecemos productos duraderos y de alta calidad que realzan y protegen tu espacio acu\u00e1tico.<\/p>\n<p>Para pedir una cotizaci\u00f3n, escribinos por WhatsApp.<\/p>","protected":false},"featured_media":11309,"template":"","meta":{"inline_featured_image":false,"_monsterinsights_skip_tracking":false,"_monsterinsights_sitenote_active":false,"_monsterinsights_sitenote_note":"","_monsterinsights_sitenote_category":0,"_joinchat":[]},"product_cat":[184,122],"product_tag":[],"_links":{"self":[{"href":"https:\/\/xn--puroespaciodiseo-lub.com.ar\/es\/wp-json\/wp\/v2\/product\/11459"}],"collection":[{"href":"https:\/\/xn--puroespaciodiseo-lub.com.ar\/es\/wp-json\/wp\/v2\/product"}],"about":[{"href":"https:\/\/xn--puroespaciodiseo-lub.com.ar\/es\/wp-json\/wp\/v2\/types\/product"}],"wp:featuredmedia":[{"embeddable":true,"href":"https:\/\/xn--puroespaciodiseo-lub.com.ar\/es\/wp-json\/wp\/v2\/media\/11309"}],"wp:attachment":[{"href":"https:\/\/xn--puroespaciodiseo-lub.com.ar\/es\/wp-json\/wp\/v2\/media?parent=11459"}],"wp:term":[{"taxonomy":"product_cat","embeddable":true,"href":"https:\/\/xn--puroespaciodiseo-lub.com.ar\/es\/wp-json\/wp\/v2\/product_cat?post=11459"},{"taxonomy":"product_tag","embeddable":true,"href":"https:\/\/xn--puroespaciodiseo-lub.com.ar\/es\/wp-json\/wp\/v2\/product_tag?post=11459"}],"curies":[{"name":"wp","href":"https:\/\/api.w.org\/{rel}","templated":true}]}}