{"id":8020,"date":"2022-07-28T14:21:25","date_gmt":"2022-07-28T14:21:25","guid":{"rendered":"http:\/\/xn--puroespaciodiseo-lub.com.ar\/?post_type=product&#038;p=8020"},"modified":"2022-07-28T14:24:07","modified_gmt":"2022-07-28T14:24:07","slug":"phoenix","status":"publish","type":"product","link":"https:\/\/xn--puroespaciodiseo-lub.com.ar\/es\/producto\/phoenix\/","title":{"rendered":"Phoenix"},"content":{"rendered":"<p>Dimensiones: <br \/>\nRef: 2319 &#8211; 89 x 44 X 64 cm<\/p>","protected":false},"excerpt":{"rendered":"<p>Dimensiones: <br \/>\nRef: 2319 &#8211; 89 x 44 X 64 cm <br \/>\nEspecificaciones: <br \/>\n&#8211; Estructura en MDF y hoja con patr\u00f3n de Roble Americano. <br \/>\n&#8211; Gu\u00edas met\u00e1licas con apertura t\u00e1ctil. <br \/>\n&#8211; Pies en madera maciza Grandis. <br \/>\n&#8211; Cajones con detalles en los cantos de aluminio de los colores opcionales.<\/p>","protected":false},"featured_media":8021,"template":"","meta":{"inline_featured_image":false,"_monsterinsights_skip_tracking":false,"_monsterinsights_sitenote_active":false,"_monsterinsights_sitenote_note":"","_monsterinsights_sitenote_category":0,"_joinchat":[]},"product_cat":[60,96,59],"product_tag":[],"_links":{"self":[{"href":"https:\/\/xn--puroespaciodiseo-lub.com.ar\/es\/wp-json\/wp\/v2\/product\/8020"}],"collection":[{"href":"https:\/\/xn--puroespaciodiseo-lub.com.ar\/es\/wp-json\/wp\/v2\/product"}],"about":[{"href":"https:\/\/xn--puroespaciodiseo-lub.com.ar\/es\/wp-json\/wp\/v2\/types\/product"}],"wp:featuredmedia":[{"embeddable":true,"href":"https:\/\/xn--puroespaciodiseo-lub.com.ar\/es\/wp-json\/wp\/v2\/media\/8021"}],"wp:attachment":[{"href":"https:\/\/xn--puroespaciodiseo-lub.com.ar\/es\/wp-json\/wp\/v2\/media?parent=8020"}],"wp:term":[{"taxonomy":"product_cat","embeddable":true,"href":"https:\/\/xn--puroespaciodiseo-lub.com.ar\/es\/wp-json\/wp\/v2\/product_cat?post=8020"},{"taxonomy":"product_tag","embeddable":true,"href":"https:\/\/xn--puroespaciodiseo-lub.com.ar\/es\/wp-json\/wp\/v2\/product_tag?post=8020"}],"curies":[{"name":"wp","href":"https:\/\/api.w.org\/{rel}","templated":true}]}}