{"id":8043,"date":"2022-07-28T14:40:30","date_gmt":"2022-07-28T14:40:30","guid":{"rendered":"http:\/\/xn--puroespaciodiseo-lub.com.ar\/?post_type=product&#038;p=8043"},"modified":"2022-07-28T14:40:30","modified_gmt":"2022-07-28T14:40:30","slug":"phoenix-2","status":"publish","type":"product","link":"https:\/\/xn--puroespaciodiseo-lub.com.ar\/es\/producto\/phoenix-2\/","title":{"rendered":"Phoenix"},"content":{"rendered":"<p>Dimensiones: <br \/>\nRef 3045: 61 x 44 x 66 cm<\/p>","protected":false},"excerpt":{"rendered":"<p>Dimensiones: <br \/>\nRef 3045: 61 x 44 x 66 cm <br \/>\nEspecificaciones: <br \/>\n&#8211; Estructura en hoja est\u00e1ndar de Roble Americano. <br \/>\n&#8211; Gu\u00edas met\u00e1licas con apertura t\u00e1ctil. <br \/>\n&#8211; Base y cajones de acero inoxidable con detalles en los cantos de aluminio en colores opcionales: Inox (I), Onix (O) u Gold (G).<\/p>","protected":false},"featured_media":8044,"template":"","meta":{"inline_featured_image":false,"_monsterinsights_skip_tracking":false,"_monsterinsights_sitenote_active":false,"_monsterinsights_sitenote_note":"","_monsterinsights_sitenote_category":0,"_joinchat":[]},"product_cat":[60,96,59],"product_tag":[],"_links":{"self":[{"href":"https:\/\/xn--puroespaciodiseo-lub.com.ar\/es\/wp-json\/wp\/v2\/product\/8043"}],"collection":[{"href":"https:\/\/xn--puroespaciodiseo-lub.com.ar\/es\/wp-json\/wp\/v2\/product"}],"about":[{"href":"https:\/\/xn--puroespaciodiseo-lub.com.ar\/es\/wp-json\/wp\/v2\/types\/product"}],"wp:featuredmedia":[{"embeddable":true,"href":"https:\/\/xn--puroespaciodiseo-lub.com.ar\/es\/wp-json\/wp\/v2\/media\/8044"}],"wp:attachment":[{"href":"https:\/\/xn--puroespaciodiseo-lub.com.ar\/es\/wp-json\/wp\/v2\/media?parent=8043"}],"wp:term":[{"taxonomy":"product_cat","embeddable":true,"href":"https:\/\/xn--puroespaciodiseo-lub.com.ar\/es\/wp-json\/wp\/v2\/product_cat?post=8043"},{"taxonomy":"product_tag","embeddable":true,"href":"https:\/\/xn--puroespaciodiseo-lub.com.ar\/es\/wp-json\/wp\/v2\/product_tag?post=8043"}],"curies":[{"name":"wp","href":"https:\/\/api.w.org\/{rel}","templated":true}]}}