{"id":8286,"date":"2022-08-01T19:20:51","date_gmt":"2022-08-01T19:20:51","guid":{"rendered":"http:\/\/xn--puroespaciodiseo-lub.com.ar\/?post_type=product&#038;p=8286"},"modified":"2022-08-01T19:20:52","modified_gmt":"2022-08-01T19:20:52","slug":"austin-marmol","status":"publish","type":"product","link":"https:\/\/xn--puroespaciodiseo-lub.com.ar\/es\/producto\/austin-marmol\/","title":{"rendered":"Austin M\u00e1rmol"},"content":{"rendered":"<p>Dimensiones: <br \/>\nRef: E66839TN &#8211; 160 x 100 x 32 cm <br \/>\nRef: E66839BP &#8211; 160 x 100 x 32 cm <br \/>\nRef: E66839VL &#8211; 160 x 100 x 32 cm<\/p>","protected":false},"excerpt":{"rendered":"<p>Dimensiones: <br \/>\nRef: E66839TN &#8211; 160 x 100 x 32 cm <br \/>\nRef: E66839BP &#8211; 160 x 100 x 32 cm <br \/>\nRef: E66839VL &#8211; 160 x 100 x 32 cm <br \/>\nEspecificaciones: <br \/>\n&#8211; Tapa de m\u00e1rmol en las opciones Travertino Nacional (TV), Paran\u00e1 Blanco (BP) o Via L\u00e1ctea (VL). <br \/>\n&#8211; Base de acero inoxidable.<\/p>","protected":false},"featured_media":8287,"template":"","meta":{"inline_featured_image":false,"_monsterinsights_skip_tracking":false,"_monsterinsights_sitenote_active":false,"_monsterinsights_sitenote_note":"","_monsterinsights_sitenote_category":0,"_joinchat":[]},"product_cat":[60,97,59],"product_tag":[],"_links":{"self":[{"href":"https:\/\/xn--puroespaciodiseo-lub.com.ar\/es\/wp-json\/wp\/v2\/product\/8286"}],"collection":[{"href":"https:\/\/xn--puroespaciodiseo-lub.com.ar\/es\/wp-json\/wp\/v2\/product"}],"about":[{"href":"https:\/\/xn--puroespaciodiseo-lub.com.ar\/es\/wp-json\/wp\/v2\/types\/product"}],"wp:featuredmedia":[{"embeddable":true,"href":"https:\/\/xn--puroespaciodiseo-lub.com.ar\/es\/wp-json\/wp\/v2\/media\/8287"}],"wp:attachment":[{"href":"https:\/\/xn--puroespaciodiseo-lub.com.ar\/es\/wp-json\/wp\/v2\/media?parent=8286"}],"wp:term":[{"taxonomy":"product_cat","embeddable":true,"href":"https:\/\/xn--puroespaciodiseo-lub.com.ar\/es\/wp-json\/wp\/v2\/product_cat?post=8286"},{"taxonomy":"product_tag","embeddable":true,"href":"https:\/\/xn--puroespaciodiseo-lub.com.ar\/es\/wp-json\/wp\/v2\/product_tag?post=8286"}],"curies":[{"name":"wp","href":"https:\/\/api.w.org\/{rel}","templated":true}]}}