{"id":8297,"date":"2022-08-01T19:35:11","date_gmt":"2022-08-01T19:35:11","guid":{"rendered":"http:\/\/xn--puroespaciodiseo-lub.com.ar\/?post_type=product&#038;p=8297"},"modified":"2022-08-01T19:35:11","modified_gmt":"2022-08-01T19:35:11","slug":"london-ll","status":"publish","type":"product","link":"https:\/\/xn--puroespaciodiseo-lub.com.ar\/es\/producto\/london-ll\/","title":{"rendered":"London ll"},"content":{"rendered":"<p>Dimensiones: <br \/>\nRef 1850: 124 x 98 x 45 cm<\/p>","protected":false},"excerpt":{"rendered":"<p>Dimensiones: <br \/>\nRef 1850: 124 x 98 x 45 cm <br \/>\nEspecificaciones: <br \/>\n&#8211; Tapa de marqueter\u00eda. <br \/>\n&#8211; Estructura en madera maciza de Grandis. <br \/>\n&#8211; Caj\u00f3n con corredera telesc\u00f3pica y amortiguaci\u00f3n de retorno.<\/p>","protected":false},"featured_media":8298,"template":"","meta":{"inline_featured_image":false,"_monsterinsights_skip_tracking":false,"_monsterinsights_sitenote_active":false,"_monsterinsights_sitenote_note":"","_monsterinsights_sitenote_category":0,"_joinchat":[]},"product_cat":[60,97,59],"product_tag":[],"_links":{"self":[{"href":"https:\/\/xn--puroespaciodiseo-lub.com.ar\/es\/wp-json\/wp\/v2\/product\/8297"}],"collection":[{"href":"https:\/\/xn--puroespaciodiseo-lub.com.ar\/es\/wp-json\/wp\/v2\/product"}],"about":[{"href":"https:\/\/xn--puroespaciodiseo-lub.com.ar\/es\/wp-json\/wp\/v2\/types\/product"}],"wp:featuredmedia":[{"embeddable":true,"href":"https:\/\/xn--puroespaciodiseo-lub.com.ar\/es\/wp-json\/wp\/v2\/media\/8298"}],"wp:attachment":[{"href":"https:\/\/xn--puroespaciodiseo-lub.com.ar\/es\/wp-json\/wp\/v2\/media?parent=8297"}],"wp:term":[{"taxonomy":"product_cat","embeddable":true,"href":"https:\/\/xn--puroespaciodiseo-lub.com.ar\/es\/wp-json\/wp\/v2\/product_cat?post=8297"},{"taxonomy":"product_tag","embeddable":true,"href":"https:\/\/xn--puroespaciodiseo-lub.com.ar\/es\/wp-json\/wp\/v2\/product_tag?post=8297"}],"curies":[{"name":"wp","href":"https:\/\/api.w.org\/{rel}","templated":true}]}}