{"id":8863,"date":"2022-08-24T18:36:12","date_gmt":"2022-08-24T18:36:12","guid":{"rendered":"http:\/\/xn--puroespaciodiseo-lub.com.ar\/?post_type=product&#038;p=8863"},"modified":"2022-09-28T21:58:07","modified_gmt":"2022-09-28T21:58:07","slug":"travertino-clasico-al-agua-baldosa","status":"publish","type":"product","link":"https:\/\/xn--puroespaciodiseo-lub.com.ar\/es\/producto\/travertino-clasico-al-agua-baldosa\/","title":{"rendered":"Travertino &#8211; Travertino Cl\u00e1sico Al Agua"},"content":{"rendered":"","protected":false},"excerpt":{"rendered":"<p>Desde la antigua Roma, el Travertino es una de las piedras naturales m\u00e1s usadas en pisos y revestimientos. Gracias a su durabilidad, al d\u00eda de hoy a\u00fan pueden observarse trabajos realizados por aquel entonces. El Travertino ofrece dos dise\u00f1os muy diferentes a partir de la misma piedra en funci\u00f3n del tipo de corte al cual se so mete el bloque original. En este caso al cortarse de manera transversal, se obtiene el dise\u00f1o \u201c al agua\u201d.<\/p>","protected":false},"featured_media":10533,"template":"","meta":{"inline_featured_image":false,"_monsterinsights_skip_tracking":false,"_monsterinsights_sitenote_active":false,"_monsterinsights_sitenote_note":"","_monsterinsights_sitenote_category":0,"_joinchat":[]},"product_cat":[118,70,151],"product_tag":[],"_links":{"self":[{"href":"https:\/\/xn--puroespaciodiseo-lub.com.ar\/es\/wp-json\/wp\/v2\/product\/8863"}],"collection":[{"href":"https:\/\/xn--puroespaciodiseo-lub.com.ar\/es\/wp-json\/wp\/v2\/product"}],"about":[{"href":"https:\/\/xn--puroespaciodiseo-lub.com.ar\/es\/wp-json\/wp\/v2\/types\/product"}],"wp:featuredmedia":[{"embeddable":true,"href":"https:\/\/xn--puroespaciodiseo-lub.com.ar\/es\/wp-json\/wp\/v2\/media\/10533"}],"wp:attachment":[{"href":"https:\/\/xn--puroespaciodiseo-lub.com.ar\/es\/wp-json\/wp\/v2\/media?parent=8863"}],"wp:term":[{"taxonomy":"product_cat","embeddable":true,"href":"https:\/\/xn--puroespaciodiseo-lub.com.ar\/es\/wp-json\/wp\/v2\/product_cat?post=8863"},{"taxonomy":"product_tag","embeddable":true,"href":"https:\/\/xn--puroespaciodiseo-lub.com.ar\/es\/wp-json\/wp\/v2\/product_tag?post=8863"}],"curies":[{"name":"wp","href":"https:\/\/api.w.org\/{rel}","templated":true}]}}