{"id":8879,"date":"2022-08-24T18:45:05","date_gmt":"2022-08-24T18:45:05","guid":{"rendered":"http:\/\/xn--puroespaciodiseo-lub.com.ar\/?post_type=product&#038;p=8879"},"modified":"2022-09-28T22:04:44","modified_gmt":"2022-09-28T22:04:44","slug":"crema-marfil-baldosa","status":"publish","type":"product","link":"https:\/\/xn--puroespaciodiseo-lub.com.ar\/es\/producto\/crema-marfil-baldosa\/","title":{"rendered":"M\u00e1rmol &#8211; Crema Marfil"},"content":{"rendered":"","protected":false},"excerpt":{"rendered":"<p>Crema Marfil es el m\u00e1rmol con el color m\u00e1s apreciado del mundo gracias al refinamiento de sus tonalidades y a la discreci\u00f3n de sus vetas naturales. M\u00e1rmol de color crema con suaves venas de calcita de color m\u00e1s oscuras, distribuidas irregularmente<\/p>","protected":false},"featured_media":10543,"template":"","meta":{"inline_featured_image":false,"_monsterinsights_skip_tracking":false,"_monsterinsights_sitenote_active":false,"_monsterinsights_sitenote_note":"","_monsterinsights_sitenote_category":0,"_joinchat":[]},"product_cat":[120,118,70],"product_tag":[],"_links":{"self":[{"href":"https:\/\/xn--puroespaciodiseo-lub.com.ar\/es\/wp-json\/wp\/v2\/product\/8879"}],"collection":[{"href":"https:\/\/xn--puroespaciodiseo-lub.com.ar\/es\/wp-json\/wp\/v2\/product"}],"about":[{"href":"https:\/\/xn--puroespaciodiseo-lub.com.ar\/es\/wp-json\/wp\/v2\/types\/product"}],"wp:featuredmedia":[{"embeddable":true,"href":"https:\/\/xn--puroespaciodiseo-lub.com.ar\/es\/wp-json\/wp\/v2\/media\/10543"}],"wp:attachment":[{"href":"https:\/\/xn--puroespaciodiseo-lub.com.ar\/es\/wp-json\/wp\/v2\/media?parent=8879"}],"wp:term":[{"taxonomy":"product_cat","embeddable":true,"href":"https:\/\/xn--puroespaciodiseo-lub.com.ar\/es\/wp-json\/wp\/v2\/product_cat?post=8879"},{"taxonomy":"product_tag","embeddable":true,"href":"https:\/\/xn--puroespaciodiseo-lub.com.ar\/es\/wp-json\/wp\/v2\/product_tag?post=8879"}],"curies":[{"name":"wp","href":"https:\/\/api.w.org\/{rel}","templated":true}]}}