{"id":8918,"date":"2022-08-24T19:29:16","date_gmt":"2022-08-24T19:29:16","guid":{"rendered":"http:\/\/xn--puroespaciodiseo-lub.com.ar\/?post_type=product&#038;p=8918"},"modified":"2022-09-28T22:04:19","modified_gmt":"2022-09-28T22:04:19","slug":"carrara-baldosa","status":"publish","type":"product","link":"https:\/\/xn--puroespaciodiseo-lub.com.ar\/es\/producto\/carrara-baldosa\/","title":{"rendered":"M\u00e1rmol &#8211; Carrara"},"content":{"rendered":"","protected":false},"excerpt":{"rendered":"<p>Extra\u00eddo de las canteras de los Alpes Apuanos en Carrara \u2013Italia\u2013 este m\u00e1rmol<br \/>\nha sido muy preciado desde la Antig\u00fcedad por su extraordinaria blancura.<br \/>\nCon peque\u00f1as tonalidades azuladas y gris\u00e1ceas, muy suaves y grano muy fino, el<br \/>\nm\u00e1rmol Carrara evoca a la Roma Imperial y al Renacimiento. Hoy, como entonces, su espectacularidad tambi\u00e9n est\u00e1 garantizada.<\/p>","protected":false},"featured_media":10524,"template":"","meta":{"inline_featured_image":false,"_monsterinsights_skip_tracking":false,"_monsterinsights_sitenote_active":false,"_monsterinsights_sitenote_note":"","_monsterinsights_sitenote_category":0,"_joinchat":[]},"product_cat":[120,118,70],"product_tag":[],"_links":{"self":[{"href":"https:\/\/xn--puroespaciodiseo-lub.com.ar\/es\/wp-json\/wp\/v2\/product\/8918"}],"collection":[{"href":"https:\/\/xn--puroespaciodiseo-lub.com.ar\/es\/wp-json\/wp\/v2\/product"}],"about":[{"href":"https:\/\/xn--puroespaciodiseo-lub.com.ar\/es\/wp-json\/wp\/v2\/types\/product"}],"wp:featuredmedia":[{"embeddable":true,"href":"https:\/\/xn--puroespaciodiseo-lub.com.ar\/es\/wp-json\/wp\/v2\/media\/10524"}],"wp:attachment":[{"href":"https:\/\/xn--puroespaciodiseo-lub.com.ar\/es\/wp-json\/wp\/v2\/media?parent=8918"}],"wp:term":[{"taxonomy":"product_cat","embeddable":true,"href":"https:\/\/xn--puroespaciodiseo-lub.com.ar\/es\/wp-json\/wp\/v2\/product_cat?post=8918"},{"taxonomy":"product_tag","embeddable":true,"href":"https:\/\/xn--puroespaciodiseo-lub.com.ar\/es\/wp-json\/wp\/v2\/product_tag?post=8918"}],"curies":[{"name":"wp","href":"https:\/\/api.w.org\/{rel}","templated":true}]}}