{"id":8954,"date":"2022-08-24T20:06:53","date_gmt":"2022-08-24T20:06:53","guid":{"rendered":"http:\/\/xn--puroespaciodiseo-lub.com.ar\/?post_type=product&#038;p=8954"},"modified":"2022-08-24T20:07:18","modified_gmt":"2022-08-24T20:07:18","slug":"toto-valvula-termostatica-con-transferencia-dos-botones","status":"publish","type":"product","link":"https:\/\/xn--puroespaciodiseo-lub.com.ar\/es\/producto\/toto-valvula-termostatica-con-transferencia-dos-botones\/","title":{"rendered":"TOTO V\u00e1lvula Termost\u00e1tica Con Transferencia Dos Botones"},"content":{"rendered":"","protected":false},"excerpt":{"rendered":"<p>V\u00e1lvula para direccionamiento de flujo y selecci\u00f3n de temperatura. Posee un sistema de aleaci\u00f3n de memoria, que evita quemaduras (sistema m\u00e1s seguro del mercado)<br \/>\n<strong>Terminaci\u00f3n<\/strong>: Cromo Pulido<br \/>\n<strong>Incluye<\/strong>: Unidad receptora de v\u00e1lvulas termost\u00e1ticas.<br \/>\n<strong>Modelo<\/strong>: Universal apto para toda la l\u00ednea de v\u00e1lvulas termost\u00e1ticas.<br \/>\n<strong>Accesorio requerido<\/strong>: Mini Unit PTOACC<\/p>","protected":false},"featured_media":8955,"template":"","meta":{"inline_featured_image":false,"_monsterinsights_skip_tracking":false,"_monsterinsights_sitenote_active":false,"_monsterinsights_sitenote_note":"","_monsterinsights_sitenote_category":0,"_joinchat":[]},"product_cat":[84,81],"product_tag":[],"_links":{"self":[{"href":"https:\/\/xn--puroespaciodiseo-lub.com.ar\/es\/wp-json\/wp\/v2\/product\/8954"}],"collection":[{"href":"https:\/\/xn--puroespaciodiseo-lub.com.ar\/es\/wp-json\/wp\/v2\/product"}],"about":[{"href":"https:\/\/xn--puroespaciodiseo-lub.com.ar\/es\/wp-json\/wp\/v2\/types\/product"}],"wp:featuredmedia":[{"embeddable":true,"href":"https:\/\/xn--puroespaciodiseo-lub.com.ar\/es\/wp-json\/wp\/v2\/media\/8955"}],"wp:attachment":[{"href":"https:\/\/xn--puroespaciodiseo-lub.com.ar\/es\/wp-json\/wp\/v2\/media?parent=8954"}],"wp:term":[{"taxonomy":"product_cat","embeddable":true,"href":"https:\/\/xn--puroespaciodiseo-lub.com.ar\/es\/wp-json\/wp\/v2\/product_cat?post=8954"},{"taxonomy":"product_tag","embeddable":true,"href":"https:\/\/xn--puroespaciodiseo-lub.com.ar\/es\/wp-json\/wp\/v2\/product_tag?post=8954"}],"curies":[{"name":"wp","href":"https:\/\/api.w.org\/{rel}","templated":true}]}}