{"id":8970,"date":"2022-08-25T11:40:20","date_gmt":"2022-08-25T11:40:20","guid":{"rendered":"http:\/\/xn--puroespaciodiseo-lub.com.ar\/?post_type=product&#038;p=8970"},"modified":"2022-08-25T11:40:20","modified_gmt":"2022-08-25T11:40:20","slug":"toto-valvula-termostatica-sin-transferencia-con-boton","status":"publish","type":"product","link":"https:\/\/xn--puroespaciodiseo-lub.com.ar\/es\/producto\/toto-valvula-termostatica-sin-transferencia-con-boton\/","title":{"rendered":"TOTO V\u00e1lvula Termost\u00e1tica Sin Transferencia Con Bot\u00f3n"},"content":{"rendered":"","protected":false},"excerpt":{"rendered":"<p>Control de temperatura con seguridad antiquemaduras.<br \/>\nBot\u00f3n de una pulsaci\u00f3n para encender\/apagar f\u00e1cilmente.<br \/>\n<strong>Terminaci\u00f3n<\/strong>: Cromo pulido.<br \/>\n<strong>Accesorio requerido<\/strong>: Mini Unit PTOACC<\/p>","protected":false},"featured_media":8971,"template":"","meta":{"inline_featured_image":false,"_monsterinsights_skip_tracking":false,"_monsterinsights_sitenote_active":false,"_monsterinsights_sitenote_note":"","_monsterinsights_sitenote_category":0,"_joinchat":[]},"product_cat":[84,81],"product_tag":[],"_links":{"self":[{"href":"https:\/\/xn--puroespaciodiseo-lub.com.ar\/es\/wp-json\/wp\/v2\/product\/8970"}],"collection":[{"href":"https:\/\/xn--puroespaciodiseo-lub.com.ar\/es\/wp-json\/wp\/v2\/product"}],"about":[{"href":"https:\/\/xn--puroespaciodiseo-lub.com.ar\/es\/wp-json\/wp\/v2\/types\/product"}],"wp:featuredmedia":[{"embeddable":true,"href":"https:\/\/xn--puroespaciodiseo-lub.com.ar\/es\/wp-json\/wp\/v2\/media\/8971"}],"wp:attachment":[{"href":"https:\/\/xn--puroespaciodiseo-lub.com.ar\/es\/wp-json\/wp\/v2\/media?parent=8970"}],"wp:term":[{"taxonomy":"product_cat","embeddable":true,"href":"https:\/\/xn--puroespaciodiseo-lub.com.ar\/es\/wp-json\/wp\/v2\/product_cat?post=8970"},{"taxonomy":"product_tag","embeddable":true,"href":"https:\/\/xn--puroespaciodiseo-lub.com.ar\/es\/wp-json\/wp\/v2\/product_tag?post=8970"}],"curies":[{"name":"wp","href":"https:\/\/api.w.org\/{rel}","templated":true}]}}