{"id":9001,"date":"2022-08-25T12:29:43","date_gmt":"2022-08-25T12:29:43","guid":{"rendered":"http:\/\/xn--puroespaciodiseo-lub.com.ar\/?post_type=product&#038;p=9001"},"modified":"2022-09-28T20:38:29","modified_gmt":"2022-09-28T20:38:29","slug":"toto-griferia-2-llaves-duchador-banera-gs","status":"publish","type":"product","link":"https:\/\/xn--puroespaciodiseo-lub.com.ar\/es\/producto\/toto-griferia-2-llaves-duchador-banera-gs\/","title":{"rendered":"TOTO Grifer\u00eda 2 Llaves + Duchador Ba\u00f1era GS"},"content":{"rendered":"","protected":false},"excerpt":{"rendered":"<p>Grifer\u00eda de dos llaves + duchador<br \/>\n<strong>Terminaci\u00f3n<\/strong>: Cromo pulido<br \/>\n<strong>Accesorio requerido<\/strong>: Cuadro de ducha PTOTBN01202U<\/p>","protected":false},"featured_media":9002,"template":"","meta":{"inline_featured_image":false,"_monsterinsights_skip_tracking":false,"_monsterinsights_sitenote_active":false,"_monsterinsights_sitenote_note":"","_monsterinsights_sitenote_category":0,"_joinchat":[]},"product_cat":[130,85,81],"product_tag":[],"_links":{"self":[{"href":"https:\/\/xn--puroespaciodiseo-lub.com.ar\/es\/wp-json\/wp\/v2\/product\/9001"}],"collection":[{"href":"https:\/\/xn--puroespaciodiseo-lub.com.ar\/es\/wp-json\/wp\/v2\/product"}],"about":[{"href":"https:\/\/xn--puroespaciodiseo-lub.com.ar\/es\/wp-json\/wp\/v2\/types\/product"}],"wp:featuredmedia":[{"embeddable":true,"href":"https:\/\/xn--puroespaciodiseo-lub.com.ar\/es\/wp-json\/wp\/v2\/media\/9002"}],"wp:attachment":[{"href":"https:\/\/xn--puroespaciodiseo-lub.com.ar\/es\/wp-json\/wp\/v2\/media?parent=9001"}],"wp:term":[{"taxonomy":"product_cat","embeddable":true,"href":"https:\/\/xn--puroespaciodiseo-lub.com.ar\/es\/wp-json\/wp\/v2\/product_cat?post=9001"},{"taxonomy":"product_tag","embeddable":true,"href":"https:\/\/xn--puroespaciodiseo-lub.com.ar\/es\/wp-json\/wp\/v2\/product_tag?post=9001"}],"curies":[{"name":"wp","href":"https:\/\/api.w.org\/{rel}","templated":true}]}}