{"id":9029,"date":"2022-08-25T13:09:51","date_gmt":"2022-08-25T13:09:51","guid":{"rendered":"http:\/\/xn--puroespaciodiseo-lub.com.ar\/?post_type=product&#038;p=9029"},"modified":"2022-09-28T21:09:57","modified_gmt":"2022-09-28T21:09:57","slug":"toto-griferia-2-llaves-duchador-banera-gr","status":"publish","type":"product","link":"https:\/\/xn--puroespaciodiseo-lub.com.ar\/es\/producto\/toto-griferia-2-llaves-duchador-banera-gr\/","title":{"rendered":"TOTO Grifer\u00eda 2 Llaves + Duchador Ba\u00f1era GR"},"content":{"rendered":"","protected":false},"excerpt":{"rendered":"<p>Grifer\u00eda de dos llaves + duchador<br \/>\n<strong>Terminaci\u00f3n<\/strong>: Cromo pulido<br \/>\n<strong>Accesorio requerido<\/strong>: Cuadro de ducha PTOTBN01202U<\/p>","protected":false},"featured_media":9030,"template":"","meta":{"inline_featured_image":false,"_monsterinsights_skip_tracking":false,"_monsterinsights_sitenote_active":false,"_monsterinsights_sitenote_note":"","_monsterinsights_sitenote_category":0,"_joinchat":[]},"product_cat":[130,85,81],"product_tag":[],"_links":{"self":[{"href":"https:\/\/xn--puroespaciodiseo-lub.com.ar\/es\/wp-json\/wp\/v2\/product\/9029"}],"collection":[{"href":"https:\/\/xn--puroespaciodiseo-lub.com.ar\/es\/wp-json\/wp\/v2\/product"}],"about":[{"href":"https:\/\/xn--puroespaciodiseo-lub.com.ar\/es\/wp-json\/wp\/v2\/types\/product"}],"wp:featuredmedia":[{"embeddable":true,"href":"https:\/\/xn--puroespaciodiseo-lub.com.ar\/es\/wp-json\/wp\/v2\/media\/9030"}],"wp:attachment":[{"href":"https:\/\/xn--puroespaciodiseo-lub.com.ar\/es\/wp-json\/wp\/v2\/media?parent=9029"}],"wp:term":[{"taxonomy":"product_cat","embeddable":true,"href":"https:\/\/xn--puroespaciodiseo-lub.com.ar\/es\/wp-json\/wp\/v2\/product_cat?post=9029"},{"taxonomy":"product_tag","embeddable":true,"href":"https:\/\/xn--puroespaciodiseo-lub.com.ar\/es\/wp-json\/wp\/v2\/product_tag?post=9029"}],"curies":[{"name":"wp","href":"https:\/\/api.w.org\/{rel}","templated":true}]}}