{"id":9667,"date":"2022-09-21T21:08:01","date_gmt":"2022-09-21T21:08:01","guid":{"rendered":"http:\/\/xn--puroespaciodiseo-lub.com.ar\/?post_type=product&#038;p=9667"},"modified":"2022-11-02T22:08:05","modified_gmt":"2022-11-02T22:08:05","slug":"cement","status":"publish","type":"product","link":"https:\/\/xn--puroespaciodiseo-lub.com.ar\/es\/producto\/cement\/","title":{"rendered":"Neolith \u2013 Cement"},"content":{"rendered":"","protected":false},"excerpt":{"rendered":"<p>Cement es uno de los modelos m\u00e1s homog\u00e9neos que se incluyen en la colecci\u00f3n Fusion de Neolith. Su tono gris\u00e1ceo, lo convierte en una opci\u00f3n equilibrada id\u00f3nea para cualquier tipo de proyecto.<\/p>","protected":false},"featured_media":9668,"template":"","meta":{"inline_featured_image":false,"_monsterinsights_skip_tracking":false,"_monsterinsights_sitenote_active":false,"_monsterinsights_sitenote_note":"","_monsterinsights_sitenote_category":0,"_joinchat":[]},"product_cat":[75,74,152,147,109,153,112,70,143],"product_tag":[],"_links":{"self":[{"href":"https:\/\/xn--puroespaciodiseo-lub.com.ar\/es\/wp-json\/wp\/v2\/product\/9667"}],"collection":[{"href":"https:\/\/xn--puroespaciodiseo-lub.com.ar\/es\/wp-json\/wp\/v2\/product"}],"about":[{"href":"https:\/\/xn--puroespaciodiseo-lub.com.ar\/es\/wp-json\/wp\/v2\/types\/product"}],"wp:featuredmedia":[{"embeddable":true,"href":"https:\/\/xn--puroespaciodiseo-lub.com.ar\/es\/wp-json\/wp\/v2\/media\/9668"}],"wp:attachment":[{"href":"https:\/\/xn--puroespaciodiseo-lub.com.ar\/es\/wp-json\/wp\/v2\/media?parent=9667"}],"wp:term":[{"taxonomy":"product_cat","embeddable":true,"href":"https:\/\/xn--puroespaciodiseo-lub.com.ar\/es\/wp-json\/wp\/v2\/product_cat?post=9667"},{"taxonomy":"product_tag","embeddable":true,"href":"https:\/\/xn--puroespaciodiseo-lub.com.ar\/es\/wp-json\/wp\/v2\/product_tag?post=9667"}],"curies":[{"name":"wp","href":"https:\/\/api.w.org\/{rel}","templated":true}]}}