{"id":9682,"date":"2022-09-21T21:39:43","date_gmt":"2022-09-21T21:39:43","guid":{"rendered":"http:\/\/xn--puroespaciodiseo-lub.com.ar\/?post_type=product&#038;p=9682"},"modified":"2022-11-02T22:07:49","modified_gmt":"2022-11-02T22:07:49","slug":"estatuario-e01","status":"publish","type":"product","link":"https:\/\/xn--puroespaciodiseo-lub.com.ar\/es\/producto\/estatuario-e01\/","title":{"rendered":"Neolith \u2013 Estatuario E01"},"content":{"rendered":"","protected":false},"excerpt":{"rendered":"<p>El modelo Estatuario perteneciente a la colecci\u00f3n Classtone, destaca por su fiel interpretaci\u00f3n del m\u00e1rmol proveniente de Carrara. Una combinaci\u00f3n de venas gruesas y sutiles que atraviesan un fondo con una blancura pura, hacen del Estatuario un dise\u00f1o que derrocha elegancia y viste el espacio donde se aplica con un toque de frescura, clase y atractivo.<\/p>","protected":false},"featured_media":9683,"template":"","meta":{"inline_featured_image":false,"_monsterinsights_skip_tracking":false,"_monsterinsights_sitenote_active":false,"_monsterinsights_sitenote_note":"","_monsterinsights_sitenote_category":0,"_joinchat":[]},"product_cat":[75,74,152,147,109,153,112,70,143],"product_tag":[],"_links":{"self":[{"href":"https:\/\/xn--puroespaciodiseo-lub.com.ar\/es\/wp-json\/wp\/v2\/product\/9682"}],"collection":[{"href":"https:\/\/xn--puroespaciodiseo-lub.com.ar\/es\/wp-json\/wp\/v2\/product"}],"about":[{"href":"https:\/\/xn--puroespaciodiseo-lub.com.ar\/es\/wp-json\/wp\/v2\/types\/product"}],"wp:featuredmedia":[{"embeddable":true,"href":"https:\/\/xn--puroespaciodiseo-lub.com.ar\/es\/wp-json\/wp\/v2\/media\/9683"}],"wp:attachment":[{"href":"https:\/\/xn--puroespaciodiseo-lub.com.ar\/es\/wp-json\/wp\/v2\/media?parent=9682"}],"wp:term":[{"taxonomy":"product_cat","embeddable":true,"href":"https:\/\/xn--puroespaciodiseo-lub.com.ar\/es\/wp-json\/wp\/v2\/product_cat?post=9682"},{"taxonomy":"product_tag","embeddable":true,"href":"https:\/\/xn--puroespaciodiseo-lub.com.ar\/es\/wp-json\/wp\/v2\/product_tag?post=9682"}],"curies":[{"name":"wp","href":"https:\/\/api.w.org\/{rel}","templated":true}]}}