{"id":9726,"date":"2022-09-23T15:25:22","date_gmt":"2022-09-23T15:25:22","guid":{"rendered":"http:\/\/xn--puroespaciodiseo-lub.com.ar\/?post_type=product&#038;p=9726"},"modified":"2022-11-02T22:04:41","modified_gmt":"2022-11-02T22:04:41","slug":"iron-corten","status":"publish","type":"product","link":"https:\/\/xn--puroespaciodiseo-lub.com.ar\/es\/producto\/iron-corten\/","title":{"rendered":"Neolith \u2013 Iron Corten"},"content":{"rendered":"","protected":false},"excerpt":{"rendered":"<p>Inspirado en el \u00f3xido rojo, el modelo Iron Corten es el m\u00e1s c\u00e1lido de la colecci\u00f3n Iron, aportando una explosi\u00f3n de color a los distintos espacios.<br \/>\nAl igual que el resto de los modelos de la colecci\u00f3n, Iron Corten transmite personalidad y permanece intacto al paso del tiempo. Una propuesta atrevida por las fuertes tonalidades anaranjadas propias del \u00f3xido del hierro, combinada con ese toque especial metalizado.<\/p>","protected":false},"featured_media":9727,"template":"","meta":{"inline_featured_image":false,"_monsterinsights_skip_tracking":false,"_monsterinsights_sitenote_active":false,"_monsterinsights_sitenote_note":"","_monsterinsights_sitenote_category":0,"_joinchat":[]},"product_cat":[75,74,152,147,109,153,112,70,143],"product_tag":[],"_links":{"self":[{"href":"https:\/\/xn--puroespaciodiseo-lub.com.ar\/es\/wp-json\/wp\/v2\/product\/9726"}],"collection":[{"href":"https:\/\/xn--puroespaciodiseo-lub.com.ar\/es\/wp-json\/wp\/v2\/product"}],"about":[{"href":"https:\/\/xn--puroespaciodiseo-lub.com.ar\/es\/wp-json\/wp\/v2\/types\/product"}],"wp:featuredmedia":[{"embeddable":true,"href":"https:\/\/xn--puroespaciodiseo-lub.com.ar\/es\/wp-json\/wp\/v2\/media\/9727"}],"wp:attachment":[{"href":"https:\/\/xn--puroespaciodiseo-lub.com.ar\/es\/wp-json\/wp\/v2\/media?parent=9726"}],"wp:term":[{"taxonomy":"product_cat","embeddable":true,"href":"https:\/\/xn--puroespaciodiseo-lub.com.ar\/es\/wp-json\/wp\/v2\/product_cat?post=9726"},{"taxonomy":"product_tag","embeddable":true,"href":"https:\/\/xn--puroespaciodiseo-lub.com.ar\/es\/wp-json\/wp\/v2\/product_tag?post=9726"}],"curies":[{"name":"wp","href":"https:\/\/api.w.org\/{rel}","templated":true}]}}