{"id":9738,"date":"2022-09-24T20:23:04","date_gmt":"2022-09-24T20:23:04","guid":{"rendered":"http:\/\/xn--puroespaciodiseo-lub.com.ar\/?post_type=product&#038;p=9738"},"modified":"2022-09-28T21:26:49","modified_gmt":"2022-09-28T21:26:49","slug":"jura-beige","status":"publish","type":"product","link":"https:\/\/xn--puroespaciodiseo-lub.com.ar\/es\/producto\/jura-beige\/","title":{"rendered":"M\u00e1rmol \u2013 Jura Beige"},"content":{"rendered":"","protected":false},"excerpt":{"rendered":"<p>La Piedra Jura Beige es una caliza de origen alem\u00e1n. Este material ha sido ampliamente utilizado en diversos proyectos tanto en Argentina como en el mundo. Desde la fachada del MALBA en Buenos Aires y el nuevo frente del Hotel Alvear en Puerto Madero, hasta el exclusivo Yatch Club de M\u00f3naco dise\u00f1ado por el arquitecto brit\u00e1nico Norman Foster. Este material puede usarse en diversas aplicaciones tanto interiores como exteriores. Es apto para grandes proyectos y tiene una excelente prestaci\u00f3n a aplicaciones de alto tr\u00e1nsito como aeropuertos y centros comerciales.<\/p>","protected":false},"featured_media":9739,"template":"","meta":{"inline_featured_image":false,"_monsterinsights_skip_tracking":false,"_monsterinsights_sitenote_active":false,"_monsterinsights_sitenote_note":"","_monsterinsights_sitenote_category":0,"_joinchat":[]},"product_cat":[146,111,75,152,154,70,143],"product_tag":[],"_links":{"self":[{"href":"https:\/\/xn--puroespaciodiseo-lub.com.ar\/es\/wp-json\/wp\/v2\/product\/9738"}],"collection":[{"href":"https:\/\/xn--puroespaciodiseo-lub.com.ar\/es\/wp-json\/wp\/v2\/product"}],"about":[{"href":"https:\/\/xn--puroespaciodiseo-lub.com.ar\/es\/wp-json\/wp\/v2\/types\/product"}],"wp:featuredmedia":[{"embeddable":true,"href":"https:\/\/xn--puroespaciodiseo-lub.com.ar\/es\/wp-json\/wp\/v2\/media\/9739"}],"wp:attachment":[{"href":"https:\/\/xn--puroespaciodiseo-lub.com.ar\/es\/wp-json\/wp\/v2\/media?parent=9738"}],"wp:term":[{"taxonomy":"product_cat","embeddable":true,"href":"https:\/\/xn--puroespaciodiseo-lub.com.ar\/es\/wp-json\/wp\/v2\/product_cat?post=9738"},{"taxonomy":"product_tag","embeddable":true,"href":"https:\/\/xn--puroespaciodiseo-lub.com.ar\/es\/wp-json\/wp\/v2\/product_tag?post=9738"}],"curies":[{"name":"wp","href":"https:\/\/api.w.org\/{rel}","templated":true}]}}