{"id":9751,"date":"2022-09-24T20:35:21","date_gmt":"2022-09-24T20:35:21","guid":{"rendered":"http:\/\/xn--puroespaciodiseo-lub.com.ar\/?post_type=product&#038;p=9751"},"modified":"2022-09-28T19:08:07","modified_gmt":"2022-09-28T19:08:07","slug":"lundhs-antique","status":"publish","type":"product","link":"https:\/\/xn--puroespaciodiseo-lub.com.ar\/es\/producto\/lundhs-antique\/","title":{"rendered":"Granito &#8211; Lundhs Antique"},"content":{"rendered":"","protected":false},"excerpt":{"rendered":"<p>La combinaci\u00f3n de tonos azules y marrones es un contraste de colores \u00fanico. Si bien sus cualidades \u00fanicas hacen que se destaque, esta mesada de granito tiene un aspecto hogare\u00f1o en sus distintas configuraciones, estilos y esquemas de colores. La combinaci\u00f3n del sofisticado tono marr\u00f3n con trazos de cristales azules y p\u00farpuras lo convierte en el material ideal para un esquema de color \u00fanico y elegante. Lundhs Antique ofrece una opci\u00f3n diferente en los colores m\u00e1s b\u00e1sicos que dominan los dise\u00f1os modernos y combina de manera elegante con muebles de cocina de madera gracias a su tono marr\u00f3n.<\/p>","protected":false},"featured_media":9752,"template":"","meta":{"inline_featured_image":false,"_monsterinsights_skip_tracking":false,"_monsterinsights_sitenote_active":false,"_monsterinsights_sitenote_note":"","_monsterinsights_sitenote_category":0,"_joinchat":[]},"product_cat":[108,145,74,70,143],"product_tag":[],"_links":{"self":[{"href":"https:\/\/xn--puroespaciodiseo-lub.com.ar\/es\/wp-json\/wp\/v2\/product\/9751"}],"collection":[{"href":"https:\/\/xn--puroespaciodiseo-lub.com.ar\/es\/wp-json\/wp\/v2\/product"}],"about":[{"href":"https:\/\/xn--puroespaciodiseo-lub.com.ar\/es\/wp-json\/wp\/v2\/types\/product"}],"wp:featuredmedia":[{"embeddable":true,"href":"https:\/\/xn--puroespaciodiseo-lub.com.ar\/es\/wp-json\/wp\/v2\/media\/9752"}],"wp:attachment":[{"href":"https:\/\/xn--puroespaciodiseo-lub.com.ar\/es\/wp-json\/wp\/v2\/media?parent=9751"}],"wp:term":[{"taxonomy":"product_cat","embeddable":true,"href":"https:\/\/xn--puroespaciodiseo-lub.com.ar\/es\/wp-json\/wp\/v2\/product_cat?post=9751"},{"taxonomy":"product_tag","embeddable":true,"href":"https:\/\/xn--puroespaciodiseo-lub.com.ar\/es\/wp-json\/wp\/v2\/product_tag?post=9751"}],"curies":[{"name":"wp","href":"https:\/\/api.w.org\/{rel}","templated":true}]}}