{"id":9793,"date":"2022-09-24T21:12:11","date_gmt":"2022-09-24T21:12:11","guid":{"rendered":"http:\/\/xn--puroespaciodiseo-lub.com.ar\/?post_type=product&#038;p=9793"},"modified":"2022-11-02T22:02:15","modified_gmt":"2022-11-02T22:02:15","slug":"nero-marquina-nm01","status":"publish","type":"product","link":"https:\/\/xn--puroespaciodiseo-lub.com.ar\/es\/producto\/nero-marquina-nm01\/","title":{"rendered":"Neolith \u2013 Nero Marquina NM01"},"content":{"rendered":"","protected":false},"excerpt":{"rendered":"<p>La respuesta de Neolith a una tendencia atemporal monocrom\u00e1tica, que trasciende el dise\u00f1o interior, la moda y arquitectura; este modelo inspirado en el m\u00e1rmol espa\u00f1ol, Nero Marquina, es un testamento a la pericia t\u00e9cnica presente en TheSize. Conseguir venas de un color blanco puro sobre un fondo negro de sobriedad absoluta, requiere de una t\u00e9cnica y tecnolog\u00eda completamente innovadoras.<\/p>","protected":false},"featured_media":9794,"template":"","meta":{"inline_featured_image":false,"_monsterinsights_skip_tracking":false,"_monsterinsights_sitenote_active":false,"_monsterinsights_sitenote_note":"","_monsterinsights_sitenote_category":0,"_joinchat":[]},"product_cat":[75,74,152,147,109,153,112,70,143],"product_tag":[],"_links":{"self":[{"href":"https:\/\/xn--puroespaciodiseo-lub.com.ar\/es\/wp-json\/wp\/v2\/product\/9793"}],"collection":[{"href":"https:\/\/xn--puroespaciodiseo-lub.com.ar\/es\/wp-json\/wp\/v2\/product"}],"about":[{"href":"https:\/\/xn--puroespaciodiseo-lub.com.ar\/es\/wp-json\/wp\/v2\/types\/product"}],"wp:featuredmedia":[{"embeddable":true,"href":"https:\/\/xn--puroespaciodiseo-lub.com.ar\/es\/wp-json\/wp\/v2\/media\/9794"}],"wp:attachment":[{"href":"https:\/\/xn--puroespaciodiseo-lub.com.ar\/es\/wp-json\/wp\/v2\/media?parent=9793"}],"wp:term":[{"taxonomy":"product_cat","embeddable":true,"href":"https:\/\/xn--puroespaciodiseo-lub.com.ar\/es\/wp-json\/wp\/v2\/product_cat?post=9793"},{"taxonomy":"product_tag","embeddable":true,"href":"https:\/\/xn--puroespaciodiseo-lub.com.ar\/es\/wp-json\/wp\/v2\/product_tag?post=9793"}],"curies":[{"name":"wp","href":"https:\/\/api.w.org\/{rel}","templated":true}]}}