{"id":9799,"date":"2022-09-24T21:17:12","date_gmt":"2022-09-24T21:17:12","guid":{"rendered":"http:\/\/xn--puroespaciodiseo-lub.com.ar\/?post_type=product&#038;p=9799"},"modified":"2022-11-02T22:01:19","modified_gmt":"2022-11-02T22:01:19","slug":"nero-zimbabwe","status":"publish","type":"product","link":"https:\/\/xn--puroespaciodiseo-lub.com.ar\/es\/producto\/nero-zimbabwe\/","title":{"rendered":"Neolith \u2013 Nero Zimbabwe"},"content":{"rendered":"","protected":false},"excerpt":{"rendered":"<p>El modelo Nero Zimbabwe perteneciente a la colecci\u00f3n Fusion, presenta un dise\u00f1o sobrio y distinguido. Un modelo de tonalidad negra mate con sombras gris\u00e1ceas que combinado con una textura rugosa de gran relieve (al presentarse unicamente en acabado Riverwashed), resulta id\u00e9ntico al granito natural del continente africano. Una opci\u00f3n siempre acertada que vestir\u00e1 con un toque de elegancia cualquier estilo de ambiente.<\/p>","protected":false},"featured_media":9800,"template":"","meta":{"inline_featured_image":false,"_monsterinsights_skip_tracking":false,"_monsterinsights_sitenote_active":false,"_monsterinsights_sitenote_note":"","_monsterinsights_sitenote_category":0,"_joinchat":[]},"product_cat":[75,74,152,147,109,153,112,70,143],"product_tag":[],"_links":{"self":[{"href":"https:\/\/xn--puroespaciodiseo-lub.com.ar\/es\/wp-json\/wp\/v2\/product\/9799"}],"collection":[{"href":"https:\/\/xn--puroespaciodiseo-lub.com.ar\/es\/wp-json\/wp\/v2\/product"}],"about":[{"href":"https:\/\/xn--puroespaciodiseo-lub.com.ar\/es\/wp-json\/wp\/v2\/types\/product"}],"wp:featuredmedia":[{"embeddable":true,"href":"https:\/\/xn--puroespaciodiseo-lub.com.ar\/es\/wp-json\/wp\/v2\/media\/9800"}],"wp:attachment":[{"href":"https:\/\/xn--puroespaciodiseo-lub.com.ar\/es\/wp-json\/wp\/v2\/media?parent=9799"}],"wp:term":[{"taxonomy":"product_cat","embeddable":true,"href":"https:\/\/xn--puroespaciodiseo-lub.com.ar\/es\/wp-json\/wp\/v2\/product_cat?post=9799"},{"taxonomy":"product_tag","embeddable":true,"href":"https:\/\/xn--puroespaciodiseo-lub.com.ar\/es\/wp-json\/wp\/v2\/product_tag?post=9799"}],"curies":[{"name":"wp","href":"https:\/\/api.w.org\/{rel}","templated":true}]}}